{"id":826,"date":"2026-04-26T10:56:05","date_gmt":"2026-04-26T08:56:05","guid":{"rendered":"https:\/\/www.fave.de\/?page_id=826"},"modified":"2026-04-27T10:29:37","modified_gmt":"2026-04-27T08:29:37","slug":"beispiel-seite","status":"publish","type":"page","link":"https:\/\/www.fave.de\/","title":{"rendered":"Matching you quickly with your perfect conference hotel"},"content":{"rendered":"\n<div class=\"wp-block-cover alignfull is-light has-custom-content-position is-position-center-left has-white-color has-text-color has-link-color wp-elements-095699f9a8da6a4e77bc20411377f3a5\" style=\"min-height:100vh;aspect-ratio:unset;\"><span aria-hidden=\"true\" class=\"wp-block-cover__background has-purple-background-color has-background-dim-100 has-background-dim\"><\/span><div class=\"wp-block-cover__inner-container is-layout-constrained wp-block-cover-is-layout-constrained\">\n<div class=\"wp-block-group mask-hero-animation is-layout-constrained wp-block-group-is-layout-constrained\">\n<div class=\"wp-block-group is-layout-constrained wp-block-group-is-layout-constrained\">\n<figure class=\"wp-block-video\"><video height=\"1360\" style=\"aspect-ratio: 930 \/ 1360;\" width=\"930\" autoplay loop muted poster=\"https:\/\/www.fave.de\/wp-content\/uploads\/2026\/02\/FAVE_Header-Animation-1_preview.webp\" preload=\"none\" src=\"https:\/\/www.fave.de\/wp-content\/uploads\/2026\/02\/FAVE_Header-Animation-1.webm\" playsinline><\/video><\/figure>\n<\/div>\n\n\n\n<div class=\"wp-block-group is-layout-constrained wp-block-group-is-layout-constrained\">\n<figure class=\"wp-block-video\"><video height=\"1100\" style=\"aspect-ratio: 670 \/ 1100;\" width=\"670\" autoplay loop muted poster=\"https:\/\/www.fave.de\/wp-content\/uploads\/2026\/02\/FAVE_Header-Animation-2_preview.webp\" preload=\"none\" src=\"https:\/\/www.fave.de\/wp-content\/uploads\/2026\/02\/FAVE_Header-Animation-2.webm\" playsinline><\/video><\/figure>\n<\/div>\n<\/div>\n\n\n\n<div class=\"wp-block-columns is-layout-flex wp-container-core-columns-is-layout-9d6595d7 wp-block-columns-is-layout-flex\">\n<div class=\"wp-block-column is-layout-flow wp-block-column-is-layout-flow\">\n<div class=\"wp-block-group width-598 is-layout-constrained wp-block-group-is-layout-constrained\"><h1 class=\"wp-block-post-title\">Matching you quickly with your perfect conference hotel<\/h1>\n\n\n<p>Find the best conference hotel quickly and easily \u2013 for conferences, congresses and general meetings.<\/p>\n\n\n\n<p>FAVE brings you the best deals for your individual requirements, free of charge.<\/p>\n<\/div>\n<\/div>\n\n\n\n<div class=\"wp-block-column is-layout-flow wp-block-column-is-layout-flow\"><\/div>\n<\/div>\n<\/div><\/div>\n\n\n\n<div class=\"wp-block-group is-layout-constrained wp-block-group-is-layout-constrained\">\n<h2 class=\"wp-block-heading has-text-align-center\">FAVE for companies &amp; associations<\/h2>\n\n\n\n<div class=\"wp-block-columns has-text-align-center is-layout-flex wp-container-core-columns-is-layout-9d6595d7 wp-block-columns-is-layout-flex\">\n<div class=\"wp-block-column is-layout-flow wp-block-column-is-layout-flow\" style=\"flex-basis:270px\">\n<figure class=\"wp-block-image size-full is-resized\"><img decoding=\"async\" src=\"https:\/\/www.fave.de\/wp-content\/uploads\/2026\/01\/FAVE_Icon_Dartscheibe_lila.svg\" alt=\"Kreisf\u00f6rmiges Zielscheiben-Symbol mit Pfeil im Zentrum, repr\u00e4sentiert Ziele oder Pr\u00e4zision\" class=\"wp-image-118\" style=\"width:auto;height:150px\"\/><\/figure>\n\n\n\n<h3 class=\"wp-block-heading\">Find the right hotel with ease<\/h3>\n\n\n\n<p>Find suitable hotels with just a few clicks \u2013 without endless research and comparison.<\/p>\n<\/div>\n\n\n\n<div class=\"wp-block-column is-layout-flow wp-block-column-is-layout-flow\" style=\"flex-basis:270px\">\n<figure class=\"wp-block-image size-full is-resized\"><img decoding=\"async\" src=\"https:\/\/www.fave.de\/wp-content\/uploads\/2026\/01\/FAVE_Icon_Headset-Person_lila.svg\" alt=\"Person mit Headset im Umriss-Stil, repr\u00e4sentiert Kundensupport oder Service\" class=\"wp-image-119\" style=\"width:auto;height:150px\"\/><\/figure>\n\n\n\n<h3 class=\"wp-block-heading\">Personal advice included<\/h3>\n\n\n\n<p>Our team of experts is here to help \u2013 from planning to booking your event.<\/p>\n<\/div>\n\n\n\n<div class=\"wp-block-column is-layout-flow wp-block-column-is-layout-flow\" style=\"flex-basis:270px\">\n<figure class=\"wp-block-image size-full is-resized\"><img decoding=\"async\" src=\"https:\/\/www.fave.de\/wp-content\/uploads\/2026\/01\/FAVE_Icon_Lupe_lila.svg\" alt=\"Lupen-Symbol mit violettem Akzent, repr\u00e4sentiert Suche oder Recherche\" class=\"wp-image-120\" style=\"width:auto;height:150px\"\/><\/figure>\n\n\n\n<h3 class=\"wp-block-heading\">Free of charge, independent &amp; transparent<\/h3>\n\n\n\n<p>Get the best options for your requirements. No hidden costs, no featured listings.<\/p>\n<\/div>\n\n\n\n<div class=\"wp-block-column is-layout-flow wp-block-column-is-layout-flow\" style=\"flex-basis:270px\">\n<figure class=\"wp-block-image size-full is-resized\"><img decoding=\"async\" src=\"https:\/\/www.fave.de\/wp-content\/uploads\/2026\/01\/FAVE_Icon_Diamant_lila.svg\" alt=\"Geometrisches Diamant- oder Edelstein-Symbol, repr\u00e4sentiert Wert oder Premium-Qualit\u00e4t\" class=\"wp-image-121\" style=\"width:auto;height:150px\"\/><\/figure>\n\n\n\n<h3 class=\"wp-block-heading\">FAVE <br>Rewards<\/h3>\n\n\n\n<p>Get a 20\u202f% cashback reward for your bookings credited directly to your account.<\/p>\n<\/div>\n<\/div>\n\n\n\n<div class=\"wp-block-buttons is-content-justification-center is-layout-flex wp-container-core-buttons-is-layout-16018d1d wp-block-buttons-is-layout-flex\">\n<div class=\"wp-block-button is-style-fill\"><a class=\"wp-block-button__link wp-element-button\" href=\"https:\/\/www.fave.de\/en\/for-companies-associations\/\">LEARN MORE<\/a><\/div>\n<\/div>\n<\/div>\n\n\n\n<div class=\"wp-block-group is-layout-constrained wp-block-group-is-layout-constrained\" style=\"margin-top:var(--wp--preset--spacing--ml);margin-bottom:var(--wp--preset--spacing--ml)\">\n<div class=\"wp-block-acv-slider swiper\" data-swiper=\"{&quot;autoHeight&quot;:true,&quot;navigation&quot;:true,&quot;slidesPerGroup&quot;:&quot;auto&quot;}\"><div class=\"swiper-wrapper\">\n<div class=\"wp-block-acv-slide swiper-slide\">\n<blockquote class=\"wp-block-quote is-layout-flow wp-block-quote-is-layout-flow\">\n<p>Fast service. Incredibly friendly. Large choice and competent advice.<\/p>\n<cite><strong>Antje M.<\/strong><br>Fachverband Elektronikdesign und -fertigung<\/cite><\/blockquote>\n<\/div>\n\n\n\n<div class=\"wp-block-acv-slide swiper-slide\">\n<blockquote class=\"wp-block-quote is-layout-flow wp-block-quote-is-layout-flow\">\n<p>I\u2019m completely impressed by FAVE. Everything was done quickly, in a friendly manner and without any complications from first contact to implementation. Communication is always pleasant and professional, all my concerns were dealt with competently and in a solution-oriented way. I would like to particularly highlight their reliability and speed \u2013 even with last-minute changes. They don\u2019t just make promises, they deliver. I feel taken seriously and very well looked after. This is how you want service to be \u2013 I&#8217;d be happy to come back anytime.<\/p>\n<cite><strong>Natalie B.<br><\/strong>STARK Deutschland<\/cite><\/blockquote>\n<\/div>\n\n\n\n<div class=\"wp-block-acv-slide swiper-slide\">\n<blockquote class=\"wp-block-quote is-layout-flow wp-block-quote-is-layout-flow\">\n<p>With FAVE we have a partner at our side who not only understands our needs but is often already one step ahead. Our longstanding contact Philip Knopf has been accompanying us with warmth, experience and honest advice, as if he were part of our own team.<\/p>\n<cite><strong>Jeannine T.<br><\/strong>Fachverband Au\u00dfenwerbung<\/cite><\/blockquote>\n<\/div>\n\n\n\n<div class=\"wp-block-acv-slide swiper-slide\">\n<blockquote class=\"wp-block-quote is-layout-flow wp-block-quote-is-layout-flow\">\n<p>We are completely happy with our collaboration with FAVE and particularly Mr Knopf. He is always very quick and helpful, is always ready to listen, remains calm even when faced with last-minute requests or changes, and never loses his sense of humour. He works professionally, he pulls all the strings for us when difficulties occur and he always wants to find a good solution. We have been working with him for many years and want to continue doing so.<\/p>\n<cite><strong>Anne B.<\/strong><br>Hauptverband Papier- und Kunststoffverarbeitung<\/cite><\/blockquote>\n<\/div>\n\n\n\n<div class=\"wp-block-acv-slide swiper-slide\">\n<blockquote class=\"wp-block-quote is-layout-flow wp-block-quote-is-layout-flow\">\n<p>FAVE has proven to be a reliable partner. Their high level of expertise in implementation, a deep understanding of our requirements and a collaboration that is on an equal footing provide tangible reassurance. This allows us to focus on what really matters.<\/p>\n<cite><strong>Christian J.<\/strong><br>Deutscher Textilreinigungs-Verband e.V.<\/cite><\/blockquote>\n<\/div>\n\n\n\n<div class=\"wp-block-acv-slide swiper-slide\">\n<blockquote class=\"wp-block-quote is-layout-flow wp-block-quote-is-layout-flow\">\n<p>Collaborating with FAVE is a real joy. Their friendly and helpful team has been supporting us for many years in planning our annual meeting. All we need to do is tell them the dates and cities for our upcoming events \u2013 the FAVE team already knows all the relevant key data and sorts out a suitable location. That makes our planning so much easier. We are grateful for the support and look forward to many more joint projects.<\/p>\n<cite><strong>Kerstin P.<\/strong><br>Ago Research GmbH<\/cite><\/blockquote>\n<\/div>\n\n\n\n<div class=\"wp-block-acv-slide swiper-slide\">\n<blockquote class=\"wp-block-quote is-layout-flow wp-block-quote-is-layout-flow\">\n<p>We have been relying on FAVE and Philip Knopf to book our events for over six years now. Mr Knopf knows our needs and what we have in mind \u2013 and he makes the right suggestions straight away. All offers are presented quickly and clearly within the company\u2019s software. We will happily continue using this reliable service. The FAVE rewards are the cherry on top of a perfect service.<\/p>\n<cite><strong>Barbara F.<\/strong><br>Verband der Vereine Creditreform e.V.<\/cite><\/blockquote>\n<\/div>\n\n\n\n<div class=\"wp-block-acv-slide swiper-slide\">\n<blockquote class=\"wp-block-quote is-layout-flow wp-block-quote-is-layout-flow\">\n<p>FAVE delivers professional, competent and highly efficient support for planning and preparation as well as for organising our annual conferences. Many thanks for that.<\/p>\n<cite><strong>Dr. Thomas R.<\/strong><br>IHO, Industrieverband Hygiene und Oberfl\u00e4chenschutz e.V.<\/cite><\/blockquote>\n<\/div>\n\n\n\n<div class=\"wp-block-acv-slide swiper-slide\">\n<blockquote class=\"wp-block-quote is-layout-flow wp-block-quote-is-layout-flow\">\n<p>Total reassurance: Ten years of organisational professionals at our side, always available, with a high degree of reliability and competence. Customer requests are fully implemented, individual advice tailored to enquiries, accurate recommendations, always up to date, no-nonsense phone and email communication. No more worries when preparing for conferences.<\/p>\n<cite><strong>Gabriele K.<\/strong><br>pro-K Industrieverband Halbzeuge und Konsumprodukte aus Kunststoff e.V.<\/cite><\/blockquote>\n<\/div>\n\n\n\n<div class=\"wp-block-acv-slide swiper-slide\">\n<blockquote class=\"wp-block-quote is-layout-flow wp-block-quote-is-layout-flow\">\n<p>We have been collaborating with FAVE since 2016 and greatly appreciate the continual professional support. Our events have consistently been a success thanks to valuable hotel recommendations and reliable support during viewings. We would like to particularly thank Mr Knopf for his committed support in finding a hotel and in comparing the offers. We look forward to continuing this friendly and successful collaboration.<\/p>\n<cite><strong>Corinna F.<\/strong><br>Deutscher Schraubenverband e.V.<\/cite><\/blockquote>\n<\/div>\n\n\n\n<div class=\"wp-block-acv-slide swiper-slide\">\n<blockquote class=\"wp-block-quote is-layout-flow wp-block-quote-is-layout-flow\">\n<p>We have been collaborating with FAVE for many, many years now. Throughout the year, we are looking for hotels and conference centres for several major events. Each time different halls, central areas and workshop spaces have to be found and combined. The collaboration is always professional, fast and reliable. I have recommended FAVE several times already.<\/p>\n<cite><strong>Christoph B.<\/strong><br>Zentralverband der Augenoptiker und Optometristen<\/cite><\/blockquote>\n<\/div>\n<\/div><div class=\"swiper-ui\"><div class=\"swiper-button-prev\"><\/div><div class=\"swiper-button-next\"><\/div><\/div><\/div>\n<\/div>\n\n\n\n<div class=\"wp-block-group width-md is-layout-constrained wp-block-group-is-layout-constrained\">\n<h2 class=\"wp-block-heading has-text-align-center\">Frequently asked questions<\/h2>\n\n\n\n<div class=\"wp-block-accordion-widget allow-close-all\">\n<div class=\"wp-block-accordion-item\">\n<h3 class=\"wp-block-heading\">How much does FAVE cost?<\/h3>\n\n\n\n<div class=\"wp-block-accordion-item-content\">\n<p>As an event organiser, you can use FAVE for free.<\/p>\n<\/div>\n<\/div>\n\n\n\n<div class=\"wp-block-accordion-item\">\n<h3 class=\"wp-block-heading\">Which hotels can I book through FAVE?<\/h3>\n\n\n\n<div class=\"wp-block-accordion-item-content\">\n<p>Hotels can register for free with FAVE, giving you access to a huge and continuously growing selection of hotels. The hotel profiles are standardised \u2013 which ensures that there is no way to display any hotel preferentially or highlight any profiles or offers. What you will see is based exclusively on your search criteria, such as location, number of rooms and the individual requirements for your event. FAVE focuses on what matters \u2013 no advertising, no distractions.<\/p>\n<\/div>\n<\/div>\n\n\n\n<div class=\"wp-block-accordion-item\">\n<h3 class=\"wp-block-heading\">How does communication with the hotels work?<\/h3>\n\n\n\n<div class=\"wp-block-accordion-item-content\">\n<p>All communication takes place through FAVE up until the booking is confirmed. When you request a quote, hotels will only see the title of your event. If you want to include your company name, that can also be shown. Only when you decide on an offer and after you have given your approval will FAVE send the data required for the booking.<\/p>\n<\/div>\n<\/div>\n\n\n\n<div class=\"wp-block-accordion-item\">\n<h3 class=\"wp-block-heading\">What is FAVE Rewards?<\/h3>\n\n\n\n<div class=\"wp-block-accordion-item-content\">\n<p>FAVE Rewards is a bonus programme that all our clients can benefit from. You will receive a 20 % cashback reward for each booking \u2013 credited directly to your account. Participation is free of charge.<\/p>\n<\/div>\n<\/div>\n<\/div>\n<\/div>\n\n\n\n<div class=\"wp-block-columns cta is-layout-flex wp-container-core-columns-is-layout-9d6595d7 wp-block-columns-is-layout-flex\">\n<div class=\"wp-block-column wp-block-column__media is-layout-flow wp-block-column-is-layout-flow\">\n<figure class=\"wp-block-image size-full\"><img loading=\"lazy\" decoding=\"async\" width=\"672\" height=\"572\" src=\"https:\/\/www.fave.de\/wp-content\/uploads\/2026\/02\/FAVE_Contact_Philip-1-1.webp\" alt=\"Philip Knopf - Professionelles Portr\u00e4t eines l\u00e4chelnden jungen Mannes in schwarzem Anzug mit wei\u00dfem Hemd vor unscharfem Innenraum mit warmer Beleuchtung.\" class=\"wp-image-706\"\/><figcaption class=\"wp-element-caption\">Philip Knopf<\/figcaption><\/figure>\n<\/div>\n\n\n\n<div class=\"wp-block-column wp-block-column__content has-purple-background-color has-background is-layout-flow wp-block-column-is-layout-flow\">\n<h2 class=\"wp-block-heading\">Are you planning an event?<\/h2>\n\n\n\n<p>Tell us your plans and we will help you find the right conference hotel quickly and easily.<\/p>\n\n\n\n<div class=\"wp-block-buttons is-layout-flex wp-block-buttons-is-layout-flex\">\n<div class=\"wp-block-button\"><a class=\"wp-block-button__link wp-element-button\" href=\"https:\/\/outlook.office.com\/bookwithme\/user\/ae53ee03f178476fb080b0f20f0df914@hospired.net?anonymous&amp;ismsaljsauthenabled&amp;ep=pcard\" target=\"_blank\" rel=\"noreferrer noopener\">BOOK AN APPOINTMENT<\/a><\/div>\n<\/div>\n<\/div>\n<\/div>\n","protected":false},"excerpt":{"rendered":"","protected":false},"author":1,"featured_media":0,"parent":0,"menu_order":0,"comment_status":"closed","ping_status":"open","template":"","meta":{"_locale":"en_US","_original_post":"https:\/\/www.fave.de\/?page_id=2","_thumbnails":[],"footnotes":"","_hide_thumbnail":false},"class_list":["post-826","page","type-page","status-publish","hentry","en-US","teaser-view","home"],"aioseo_notices":[],"_links":{"self":[{"href":"https:\/\/www.fave.de\/wp-json\/wp\/v2\/pages\/826","targetHints":{"allow":["GET"]}}],"collection":[{"href":"https:\/\/www.fave.de\/wp-json\/wp\/v2\/pages"}],"about":[{"href":"https:\/\/www.fave.de\/wp-json\/wp\/v2\/types\/page"}],"author":[{"embeddable":true,"href":"https:\/\/www.fave.de\/wp-json\/wp\/v2\/users\/1"}],"replies":[{"embeddable":true,"href":"https:\/\/www.fave.de\/wp-json\/wp\/v2\/comments?post=826"}],"version-history":[{"count":6,"href":"https:\/\/www.fave.de\/wp-json\/wp\/v2\/pages\/826\/revisions"}],"predecessor-version":[{"id":854,"href":"https:\/\/www.fave.de\/wp-json\/wp\/v2\/pages\/826\/revisions\/854"}],"wp:attachment":[{"href":"https:\/\/www.fave.de\/wp-json\/wp\/v2\/media?parent=826"}],"curies":[{"name":"wp","href":"https:\/\/api.w.org\/{rel}","templated":true}]}}