{"id":849,"date":"2026-04-26T11:15:49","date_gmt":"2026-04-26T09:15:49","guid":{"rendered":"https:\/\/www.fave.de\/?page_id=849"},"modified":"2026-04-26T12:40:39","modified_gmt":"2026-04-26T10:40:39","slug":"for-companies-associations","status":"publish","type":"page","link":"https:\/\/www.fave.de\/en\/for-companies-associations\/","title":{"rendered":"FAVE for companies &amp; associations"},"content":{"rendered":"\n<div class=\"wp-block-columns alignfull cta is-layout-flex wp-container-core-columns-is-layout-9d6595d7 wp-block-columns-is-layout-flex\">\n<div class=\"wp-block-column wp-block-column__content has-purple-background-color has-background is-layout-flow wp-block-column-is-layout-flow\"><div class=\"aioseo-breadcrumbs\"><span class=\"aioseo-breadcrumb\">\n\t\t\t<a href=\"https:\/\/www.fave.de\" title=\"Startseite\">Startseite<\/a>\n\t\t<\/span><span class=\"aioseo-breadcrumb-separator\">\u203a<\/span><span class=\"aioseo-breadcrumb\">\n\t\t\tFAVE for companies &amp; associations\n\t\t<\/span><\/div>\n\n\n\n<h1 class=\"wp-block-heading\">FAVE for<br>companies &amp;<br>associations<\/h1>\n<\/div>\n\n\n\n<div class=\"wp-block-column wp-block-column__media is-layout-flow wp-block-column-is-layout-flow\">\n<figure class=\"wp-block-video hide-mobile\"><video height=\"1198\" style=\"aspect-ratio: 1514 \/ 1198;\" width=\"1514\" loop muted poster=\"https:\/\/www.fave.de\/wp-content\/uploads\/2026\/02\/FAVE_01_Unternehmen-Geschaeftsleute_Preview.webp\" preload=\"none\" src=\"https:\/\/www.fave.de\/wp-content\/uploads\/2026\/02\/FAVE_01_Unternehmen-Geschaeftsleute.webm\" playsinline><\/video><\/figure>\n\n\n\n<figure class=\"wp-block-video hide-tablet hide-desktop\"><video height=\"640\" style=\"aspect-ratio: 640 \/ 640;\" width=\"640\" loop muted poster=\"https:\/\/www.fave.de\/wp-content\/uploads\/2026\/02\/FAVE_01_Unternehmen-Geschaeftsleute_mobil-preview.webp\" preload=\"none\" src=\"https:\/\/www.fave.de\/wp-content\/uploads\/2026\/02\/FAVE_01_Unternehmen-Geschaeftsleute_mobil-1.webm\" playsinline><\/video><\/figure>\n<\/div>\n<\/div>\n\n\n\n<div class=\"wp-block-group width-md is-layout-constrained wp-block-group-is-layout-constrained\">\n<p class=\"has-text-align-center has-h-3-font-size\">FAVE helps companies find the best conference hotel for their event quickly \u2013 without extra charges or hidden fees. Find out how it works and why over 100 companies already make their bookings through FAVE.<\/p>\n\n\n\n<div class=\"wp-block-buttons is-content-justification-center is-layout-flex wp-container-core-buttons-is-layout-16018d1d wp-block-buttons-is-layout-flex\">\n<div class=\"wp-block-button\"><a class=\"wp-block-button__link wp-element-button\" href=\"https:\/\/www.fave.de\/en\/for-companies-associations\/registration\/\">Request registration<\/a><\/div>\n<\/div>\n<\/div>\n\n\n\n<div class=\"wp-block-group is-layout-constrained wp-block-group-is-layout-constrained\">\n<h2 class=\"wp-block-heading\">Get to the best conference hotel in three steps \u2013<br>FAVE is that simple<\/h2>\n\n\n\n<div class=\"wp-block-acv-slider swiper has-text-align-center\" data-swiper=\"{&quot;navigation&quot;:true,&quot;pagination&quot;:&quot;bullets&quot;,&quot;slidesPerView&quot;:&quot;3&quot;,&quot;spaceBetween&quot;:&quot;20&quot;,&quot;className&quot;:&quot;has-text-align-center&quot;,&quot;slidesPerGroup&quot;:&quot;auto&quot;}\"><div class=\"swiper-wrapper\">\n<div class=\"wp-block-acv-slide swiper-slide has-purple-background-color has-background\">\n<p class=\"has-h-1-font-size\">1.<\/p>\n\n\n\n<h3 class=\"wp-block-heading\">Enter your data &amp; requirements<\/h3>\n\n\n\n<p>Set up your individual requirements with a few clicks.<\/p>\n<\/div>\n\n\n\n<div class=\"wp-block-acv-slide swiper-slide has-purple-background-color has-background\">\n<p class=\"has-h-1-font-size\">2.<\/p>\n\n\n\n<h3 class=\"wp-block-heading\">Choose &amp; enquire about hotels<\/h3>\n\n\n\n<p>Choose your preferred hotels and make enquiries.<\/p>\n<\/div>\n\n\n\n<div class=\"wp-block-acv-slide swiper-slide has-purple-background-color has-background\">\n<p class=\"has-h-1-font-size\">3.<\/p>\n\n\n\n<h3 class=\"wp-block-heading\">Compare offers &amp; book<\/h3>\n\n\n\n<p>Compare offers, make amendments and complete bookings.<\/p>\n<\/div>\n<\/div><div class=\"swiper-ui\"><div class=\"swiper-pagination\"><\/div><div class=\"swiper-button-prev\"><\/div><div class=\"swiper-button-next\"><\/div><\/div><\/div>\n<\/div>\n\n\n\n<div class=\"wp-block-group is-layout-constrained wp-block-group-is-layout-constrained\">\n<h2 class=\"wp-block-heading has-text-align-center\">FAVE for companies &amp; associations<\/h2>\n\n\n\n<div class=\"wp-block-columns has-text-align-center is-layout-flex wp-container-core-columns-is-layout-9d6595d7 wp-block-columns-is-layout-flex\">\n<div class=\"wp-block-column is-layout-flow wp-block-column-is-layout-flow\" style=\"flex-basis:270px\">\n<figure class=\"wp-block-image size-full is-resized\"><img decoding=\"async\" src=\"https:\/\/www.fave.de\/wp-content\/uploads\/2026\/01\/FAVE_Icon_Dartscheibe_lila.svg\" alt=\"Kreisf\u00f6rmiges Zielscheiben-Symbol mit Pfeil im Zentrum, repr\u00e4sentiert Ziele oder Pr\u00e4zision\" class=\"wp-image-118\" style=\"width:auto;height:150px\"\/><\/figure>\n\n\n\n<h3 class=\"wp-block-heading\">Find the right hotel with ease<\/h3>\n\n\n\n<p>Find suitable hotels with just a few clicks \u2013 without endless research and comparison.<\/p>\n<\/div>\n\n\n\n<div class=\"wp-block-column is-layout-flow wp-block-column-is-layout-flow\" style=\"flex-basis:270px\">\n<figure class=\"wp-block-image size-full is-resized\"><img decoding=\"async\" src=\"https:\/\/www.fave.de\/wp-content\/uploads\/2026\/01\/FAVE_Icon_Headset-Person_lila.svg\" alt=\"Person mit Headset im Umriss-Stil, repr\u00e4sentiert Kundensupport oder Service\" class=\"wp-image-119\" style=\"width:auto;height:150px\"\/><\/figure>\n\n\n\n<h3 class=\"wp-block-heading\">Personal advice included<\/h3>\n\n\n\n<p>Our team of experts is here to help \u2013 from planning to booking your event.<\/p>\n<\/div>\n\n\n\n<div class=\"wp-block-column is-layout-flow wp-block-column-is-layout-flow\" style=\"flex-basis:270px\">\n<figure class=\"wp-block-image size-full is-resized\"><img decoding=\"async\" src=\"https:\/\/www.fave.de\/wp-content\/uploads\/2026\/01\/FAVE_Icon_Lupe_lila.svg\" alt=\"Lupen-Symbol mit violettem Akzent, repr\u00e4sentiert Suche oder Recherche\" class=\"wp-image-120\" style=\"width:auto;height:150px\"\/><\/figure>\n\n\n\n<h3 class=\"wp-block-heading\">Free of charge, independent &amp; transparent<\/h3>\n\n\n\n<p>Get the best options for your requirements. No hidden costs, no featured listings.<\/p>\n<\/div>\n\n\n\n<div class=\"wp-block-column is-layout-flow wp-block-column-is-layout-flow\" style=\"flex-basis:270px\">\n<figure class=\"wp-block-image size-full is-resized\"><img decoding=\"async\" src=\"https:\/\/www.fave.de\/wp-content\/uploads\/2026\/01\/FAVE_Icon_Diamant_lila.svg\" alt=\"Geometrisches Diamant- oder Edelstein-Symbol, repr\u00e4sentiert Wert oder Premium-Qualit\u00e4t\" class=\"wp-image-121\" style=\"width:auto;height:150px\"\/><\/figure>\n\n\n\n<h3 class=\"wp-block-heading\">FAVE <br>Rewards<\/h3>\n\n\n\n<p>Get a 20\u202f% cashback reward for your bookings credited directly to your account.<\/p>\n<\/div>\n<\/div>\n<\/div>\n\n\n\n<div class=\"wp-block-group is-layout-constrained wp-block-group-is-layout-constrained\" style=\"margin-top:var(--wp--preset--spacing--ml);margin-bottom:var(--wp--preset--spacing--ml)\">\n<div class=\"wp-block-acv-slider swiper width-md\" data-swiper=\"{&quot;autoHeight&quot;:true,&quot;navigation&quot;:true,&quot;className&quot;:&quot;width-md&quot;,&quot;slidesPerGroup&quot;:&quot;auto&quot;}\"><div class=\"swiper-wrapper\">\n<div class=\"wp-block-acv-slide swiper-slide\">\n<blockquote class=\"wp-block-quote is-layout-flow wp-block-quote-is-layout-flow\">\n<p>We have been working with FAVE for years \u2013 in a quick, friendly and forward-thinking manner. Once again and for each project it is a professional, reliable and simply pleasant service.<\/p>\n<cite><strong>Julia W.<br><\/strong>Deutsche Gesellschaft f\u00fcr H\u00e4matologie und Medizinische Onkologie<\/cite><\/blockquote>\n<\/div>\n\n\n\n<div class=\"wp-block-acv-slide swiper-slide\">\n<blockquote class=\"wp-block-quote is-layout-flow wp-block-quote-is-layout-flow\">\n<p>The trusting collaboration with Mr Hauken and his team is a valuable support for us in our search for event venues, because we always achieve great results in a time-saving and targeted manner. We have been relying on this collaboration for a very long time.<\/p>\n<cite><strong>Kerstin W.<br><\/strong>Industrieverband K\u00f6rperpflege- und Waschmittel<\/cite><\/blockquote>\n<\/div>\n\n\n\n<div class=\"wp-block-acv-slide swiper-slide\">\n<blockquote class=\"wp-block-quote is-layout-flow wp-block-quote-is-layout-flow\">\n<p>Collaborating with FAVE, and in particular Mr Knopf, is both pleasant and professional, and also makes our daily work so much easier. Because of the longstanding collaboration, they are familiar with our requirements and wishes \u2013 and know straight away which hotels are really suitable for our events. We save a lot of time thanks to their comprehensive database and quick assessment. We look forward to continuing our excellent collaboration.<\/p>\n<cite><strong>Danijela K.<br><\/strong>CargoLine GmbH &amp; Co. KG<\/cite><\/blockquote>\n<\/div>\n\n\n\n<div class=\"wp-block-acv-slide swiper-slide\">\n<blockquote class=\"wp-block-quote is-layout-flow wp-block-quote-is-layout-flow\">\n<p>FAVE\u2019s Mr Knopf has been accompanying us reliably and with great personal commitment. He finds suitable solutions for our needs and makes almost anything possible. Even if something can\u2019t be implemented he surprises us with excellent alternatives. I would like to express my sincere thanks for his commitment and tremendous support, and I look forward to continuing our collaboration.<\/p>\n<cite><strong>Pascale T.<\/strong><br>AMA Verband f\u00fcr Sensorik und Messtechnik<\/cite><\/blockquote>\n<\/div>\n\n\n\n<div class=\"wp-block-acv-slide swiper-slide\">\n<blockquote class=\"wp-block-quote is-layout-flow wp-block-quote-is-layout-flow\">\n<p>Organising an event is complex and demanding \u2013 so getting support in finding the right location is a great relief. This is provided in an exemplary way by FAVE\u2019s staff, no matter how big the event is. A good location is a prerequisite for a great event. Together, we will find many more locations for many wonderful events.<\/p>\n<cite><strong>Sabine L.<\/strong><br>Berufsverband der Deutschen Radiologen e.V<\/cite><\/blockquote>\n<\/div>\n\n\n\n<div class=\"wp-block-acv-slide swiper-slide\">\n<blockquote class=\"wp-block-quote is-layout-flow wp-block-quote-is-layout-flow\">\n<p>We have been collaborating with FAVE for many years. This support greatly simplified the search for a suitable conference hotel. The communication is excellent, we absolutely recommend FAVE.<\/p>\n<cite><strong>Mamke-Katharina K.<\/strong><br>Bundesverband Tankstellen und Gewerbliche Autow\u00e4sche Deutschland e.V.<\/cite><\/blockquote>\n<\/div>\n\n\n\n<div class=\"wp-block-acv-slide swiper-slide\">\n<blockquote class=\"wp-block-quote is-layout-flow wp-block-quote-is-layout-flow\">\n<p>A very reliable partner \u2013 even during difficult times. For many years Mr Hauken and his team have been organising great locations for our association conferences and events. Whether it is in the city or \u201coutside\u201d \u2013 FAVE will always find something and successfully negotiate with all partners. A 100% recommendation!<\/p>\n<cite><strong>Christine N.<\/strong><br>Deutsche Bauchemie e.V.<\/cite><\/blockquote>\n<\/div>\n\n\n\n<div class=\"wp-block-acv-slide swiper-slide\">\n<blockquote class=\"wp-block-quote is-layout-flow wp-block-quote-is-layout-flow\">\n<p>We have collaborated many times with FAVE because it is straightforward and professional. Our wishes are discussed in detail, and we always get offers very quickly. The team really takes care of everything; we feel very well looked after.<\/p>\n<cite><strong>Yasmine W.<\/strong><br>DMV &#8211; Deutscher Musikverleger-Verband e.V.<\/cite><\/blockquote>\n<\/div>\n\n\n\n<div class=\"wp-block-acv-slide swiper-slide\">\n<blockquote class=\"wp-block-quote is-layout-flow wp-block-quote-is-layout-flow\">\n<p>Collaborating with Mr Knopf of FAVE has been entirely positive. You can always get hold of Mr Knopf and he responds perfectly to our requests. The tailor-made offers are transparent and very clearly displayed.<\/p>\n<cite><strong>Andrea H.<\/strong><br>DFTA &#8211; Flexodruck Fachverband e.V.<\/cite><\/blockquote>\n<\/div>\n\n\n\n<div class=\"wp-block-acv-slide swiper-slide\">\n<blockquote class=\"wp-block-quote is-layout-flow wp-block-quote-is-layout-flow\">\n<p>We have been planning our events together with FAVE for many years. Philip Knopf has been our contact from the very beginning. We are really happy about this because customer service is his primary focus. He is easy to reach and is very flexible and receptive when it comes to our wishes. If he is unavailable, his boss takes care of things. We are more than satisfied with the great service. Our team would like to thank him for his fantastic support over the last few years and looks forward to many more to come.<\/p>\n<cite><strong>Christina G<\/strong>.<br>Rhomberg Sersa Vossloh GmbH<\/cite><\/blockquote>\n<\/div>\n\n\n\n<div class=\"wp-block-acv-slide swiper-slide\">\n<blockquote class=\"wp-block-quote is-layout-flow wp-block-quote-is-layout-flow\">\n<p>We are exceptionally happy with this collaboration. The excellent preparatory work in choosing locations and hotels has saved us a lot of time and has contributed significantly to running our event successfully. Many thanks for the professional support to the entire FAVE team.<\/p>\n<cite><strong>Christine K.<\/strong><br>Zentralverband Karosserie- und Fahrzeugtechnik e.V.<\/cite><\/blockquote>\n<\/div>\n<\/div><div class=\"swiper-ui\"><div class=\"swiper-button-prev\"><\/div><div class=\"swiper-button-next\"><\/div><\/div><\/div>\n<\/div>\n\n\n\n<div class=\"wp-block-cover alignfull is-light\"><img loading=\"lazy\" decoding=\"async\" width=\"1280\" height=\"622\" class=\"wp-block-cover__image-background wp-image-205 size-large\" alt=\"Das Bild zeigt eine Vogelperspektive einer Gruppe von etwa 20 Personen in Business- und Business-Casual-Kleidung, die auf einem modernen, hellgrauen Fliesenboden stehen.\" src=\"https:\/\/www.fave.de\/wp-content\/uploads\/2026\/01\/FAVE_02_Unternehmen-Geschaeftsleute-1280x622.webp\" data-object-fit=\"cover\"\/><span aria-hidden=\"true\" class=\"wp-block-cover__background has-background-dim-0 has-background-dim\"><\/span><div class=\"wp-block-cover__inner-container is-layout-constrained wp-block-cover-is-layout-constrained\">\n<div class=\"wp-block-group has-transparent-background-color has-background is-layout-constrained wp-block-group-is-layout-constrained\">\n<h2 class=\"wp-block-heading\">Transparency matters to us<\/h2>\n\n\n\n<p>Transparency matters to us<\/p>\n\n\n\n<p>We only show you options that best match your needs \u2014 not the ones with the highest margin. Our recommendations are based on experience and feedback from real users.<\/p>\n<\/div>\n<\/div><\/div>\n\n\n\n<div class=\"wp-block-group width-846 has-text-align-center is-layout-grid wp-container-core-group-is-layout-baef362d wp-block-group-is-layout-grid\">\n<div class=\"wp-block-group has-purple-background-color has-background is-layout-constrained wp-block-group-is-layout-constrained\">\n<p class=\"has-h-1-font-size\"><span class=\"odometer\">500<\/span>+<\/p>\n\n\n\n<p>Bookings per year<\/p>\n<\/div>\n\n\n\n<div class=\"wp-block-group has-purple-background-color has-background is-layout-constrained wp-block-group-is-layout-constrained\">\n<p class=\"has-h-1-font-size\"><span class=\"odometer\">100<\/span>+<\/p>\n\n\n\n<p>Companies and associations are already happy clients<\/p>\n<\/div>\n\n\n\n<div class=\"wp-block-group has-purple-background-color has-background is-layout-constrained wp-block-group-is-layout-constrained\">\n<p class=\"has-h-1-font-size\"><span class=\"odometer\">20<\/span>+<\/p>\n\n\n\n<p>Years of experience<\/p>\n<\/div>\n\n\n\n<div class=\"wp-block-group has-purple-background-color has-background is-layout-constrained wp-block-group-is-layout-constrained\">\n<p class=\"has-h-1-font-size\"><span class=\"odometer\">500<\/span>+<\/p>\n\n\n\n<p>Site inspections<\/p>\n<\/div>\n<\/div>\n\n\n\n<div class=\"wp-block-group width-md is-layout-constrained wp-block-group-is-layout-constrained\">\n<h2 class=\"wp-block-heading has-text-align-center\">Frequently asked questions<\/h2>\n\n\n\n<div class=\"wp-block-accordion-widget allow-close-all\">\n<div class=\"wp-block-accordion-item\">\n<h3 class=\"wp-block-heading\">How much does FAVE cost?<\/h3>\n\n\n\n<div class=\"wp-block-accordion-item-content\">\n<p>As an event organiser, you can use FAVE for free.<\/p>\n<\/div>\n<\/div>\n\n\n\n<div class=\"wp-block-accordion-item\">\n<h3 class=\"wp-block-heading\">Which hotels can I book through FAVE?<\/h3>\n\n\n\n<div class=\"wp-block-accordion-item-content\">\n<p>Hotels can register for free with FAVE, giving you access to a huge and continuously growing selection of hotels. The hotel profiles are standardised \u2013 which ensures that there is no way to display any hotel preferentially or highlight any profiles or offers. What you will see is based exclusively on your search criteria, such as location, number of rooms and the individual requirements for your event. FAVE focuses on what matters \u2013 no advertising, no distractions.<\/p>\n<\/div>\n<\/div>\n\n\n\n<div class=\"wp-block-accordion-item\">\n<h3 class=\"wp-block-heading\">How does communication with the hotels work?<\/h3>\n\n\n\n<div class=\"wp-block-accordion-item-content\">\n<p>All communication takes place through FAVE up until the booking is confirmed. When you request a quote, hotels will only see the title of your event. If you want to include your company name, that can also be shown. Only when you decide on an offer and after you have given your approval will FAVE send the data required for the booking.<\/p>\n<\/div>\n<\/div>\n\n\n\n<div class=\"wp-block-accordion-item\">\n<h3 class=\"wp-block-heading\">What is FAVE Rewards?<\/h3>\n\n\n\n<div class=\"wp-block-accordion-item-content\">\n<p>FAVE Rewards is a bonus programme that all our clients can benefit from. You will receive a 20 % cashback reward for each booking \u2013 credited directly to your account. Participation is free of charge.<\/p>\n<\/div>\n<\/div>\n<\/div>\n<\/div>\n\n\n\n<div class=\"wp-block-columns cta is-layout-flex wp-container-core-columns-is-layout-9d6595d7 wp-block-columns-is-layout-flex\">\n<div class=\"wp-block-column wp-block-column__media is-layout-flow wp-block-column-is-layout-flow\">\n<figure class=\"wp-block-image size-full\"><img loading=\"lazy\" decoding=\"async\" width=\"672\" height=\"572\" src=\"https:\/\/www.fave.de\/wp-content\/uploads\/2026\/02\/FAVE_Contact_Philip-1-1.webp\" alt=\"Philip Knopf - Professionelles Portr\u00e4t eines l\u00e4chelnden jungen Mannes in schwarzem Anzug mit wei\u00dfem Hemd vor unscharfem Innenraum mit warmer Beleuchtung.\" class=\"wp-image-706\"\/><figcaption class=\"wp-element-caption\">Philip Knopf<\/figcaption><\/figure>\n<\/div>\n\n\n\n<div class=\"wp-block-column wp-block-column__content has-purple-background-color has-background is-layout-flow wp-block-column-is-layout-flow\">\n<h2 class=\"wp-block-heading\">Any questions?<\/h2>\n\n\n\n<p>We show you how to find your perfect hotel easily with FAVE \u2013 and how you can profit from additional advantages.<\/p>\n\n\n\n<div class=\"wp-block-buttons is-layout-flex wp-block-buttons-is-layout-flex\">\n<div class=\"wp-block-button\"><a class=\"wp-block-button__link wp-element-button\" href=\"https:\/\/outlook.office.com\/bookwithme\/user\/ae53ee03f178476fb080b0f20f0df914@hospired.net?anonymous&amp;ismsaljsauthenabled&amp;ep=pcard\" target=\"_blank\" rel=\"noreferrer noopener\">BOOK AN APPOINTMENT<\/a><\/div>\n<\/div>\n<\/div>\n<\/div>\n","protected":false},"excerpt":{"rendered":"<p>FAVE forcompanies &amp;associations FAVE helps companies find the best conference hotel for their event quickly \u2013 without extra charges or hidden fees. Find out how it works and why over 100 companies already make their bookings through FAVE. Get to the best conference hotel in three steps \u2013FAVE is that simple 500+ Bookings per year [&hellip;]<\/p>\n","protected":false},"author":1,"featured_media":0,"parent":0,"menu_order":0,"comment_status":"closed","ping_status":"closed","template":"","meta":{"_locale":"en_US","_original_post":"https:\/\/www.fave.de\/?page_id=182","_thumbnails":[],"footnotes":"","_hide_thumbnail":false},"class_list":["post-849","page","type-page","status-publish","hentry","en-US","teaser-view"],"aioseo_notices":[],"_links":{"self":[{"href":"https:\/\/www.fave.de\/wp-json\/wp\/v2\/pages\/849","targetHints":{"allow":["GET"]}}],"collection":[{"href":"https:\/\/www.fave.de\/wp-json\/wp\/v2\/pages"}],"about":[{"href":"https:\/\/www.fave.de\/wp-json\/wp\/v2\/types\/page"}],"author":[{"embeddable":true,"href":"https:\/\/www.fave.de\/wp-json\/wp\/v2\/users\/1"}],"replies":[{"embeddable":true,"href":"https:\/\/www.fave.de\/wp-json\/wp\/v2\/comments?post=849"}],"version-history":[{"count":7,"href":"https:\/\/www.fave.de\/wp-json\/wp\/v2\/pages\/849\/revisions"}],"predecessor-version":[{"id":883,"href":"https:\/\/www.fave.de\/wp-json\/wp\/v2\/pages\/849\/revisions\/883"}],"wp:attachment":[{"href":"https:\/\/www.fave.de\/wp-json\/wp\/v2\/media?parent=849"}],"curies":[{"name":"wp","href":"https:\/\/api.w.org\/{rel}","templated":true}]}}