{"id":857,"date":"2026-04-26T11:26:37","date_gmt":"2026-04-26T09:26:37","guid":{"rendered":"https:\/\/www.fave.de\/?page_id=857"},"modified":"2026-04-27T12:07:16","modified_gmt":"2026-04-27T10:07:16","slug":"for-hotels","status":"publish","type":"page","link":"https:\/\/www.fave.de\/en\/for-hotels\/","title":{"rendered":"For Hotels"},"content":{"rendered":"\n<div class=\"wp-block-columns alignfull cta is-layout-flex wp-container-core-columns-is-layout-b227c069 wp-block-columns-is-layout-flex\" style=\"margin-top:var(--wp--preset--spacing--md);margin-bottom:var(--wp--preset--spacing--md)\">\n<div class=\"wp-block-column wp-block-column__content has-green-background-color has-background is-layout-flow wp-block-column-is-layout-flow\"><div class=\"aioseo-breadcrumbs\"><span class=\"aioseo-breadcrumb\">\n\t\t\t<a href=\"https:\/\/www.fave.de\" title=\"Startseite\">Startseite<\/a>\n\t\t<\/span><span class=\"aioseo-breadcrumb-separator\">\u203a<\/span><span class=\"aioseo-breadcrumb\">\n\t\t\tFor Hotels\n\t\t<\/span><\/div>\n\n\n\n<h1 class=\"wp-block-heading\">FAVE <br>for hotels<\/h1>\n<\/div>\n\n\n\n<div class=\"wp-block-column wp-block-column__media is-layout-flow wp-block-column-is-layout-flow\">\n<figure class=\"wp-block-video hide-mobile\"><video height=\"1198\" style=\"aspect-ratio: 1956 \/ 1198;\" width=\"1956\" loop muted poster=\"https:\/\/www.fave.de\/wp-content\/uploads\/2026\/02\/FAVE_01_Hotels-Empfang_preview.webp\" preload=\"none\" src=\"https:\/\/www.fave.de\/wp-content\/uploads\/2026\/02\/FAVE_01_Hotels-Empfang.webm\" playsinline><\/video><\/figure>\n\n\n\n<figure class=\"wp-block-video hide-tablet hide-desktop\"><video height=\"824\" style=\"aspect-ratio: 640 \/ 824;\" width=\"640\" loop muted poster=\"https:\/\/www.fave.de\/wp-content\/uploads\/2026\/02\/FAVE_01_Hotels-Empfang_mobil_preview.webp\" preload=\"none\" src=\"https:\/\/www.fave.de\/wp-content\/uploads\/2026\/02\/FAVE_01_Hotels-Empfang_mobil-1.webm\" playsinline><\/video><\/figure>\n<\/div>\n<\/div>\n\n\n\n<div class=\"wp-block-group width-md is-layout-constrained wp-block-group-is-layout-constrained\" style=\"margin-top:var(--wp--preset--spacing--md);margin-bottom:var(--wp--preset--spacing--md)\">\n<p class=\"has-text-align-center has-h-3-font-size\">FAVE brings hotels and clients together \u2013 directly, targeted and without any fixed costs. <br>On this page you will learn how our platform works and why so many hotels enjoy collaborating with FAVE.<\/p>\n\n\n\n<div class=\"wp-block-buttons is-content-justification-center is-layout-flex wp-container-core-buttons-is-layout-16018d1d wp-block-buttons-is-layout-flex\">\n<div class=\"wp-block-button\"><a class=\"wp-block-button__link has-green-background-color has-background wp-element-button\" href=\"https:\/\/www.fave.de\/en\/for-hotels\/registration\/\">Request registration &amp; receive bookings<\/a><\/div>\n<\/div>\n<\/div>\n\n\n\n<div class=\"wp-block-group is-layout-constrained wp-block-group-is-layout-constrained\">\n<h2 class=\"wp-block-heading has-text-align-center\">FAVE for hotels<\/h2>\n\n\n\n<div class=\"wp-block-columns has-text-align-center is-layout-flex wp-container-core-columns-is-layout-9d6595d7 wp-block-columns-is-layout-flex\">\n<div class=\"wp-block-column is-layout-flow wp-block-column-is-layout-flow\" style=\"flex-basis:270px\">\n<figure class=\"wp-block-image size-full is-resized\"><img decoding=\"async\" src=\"https:\/\/www.fave.de\/wp-content\/uploads\/2026\/01\/FAVE_Icon_Kosten_gruen.svg\" alt=\"Gr\u00fcnes kreisf\u00f6rmiges Symbol mit Euro-W\u00e4hrungszeichen, repr\u00e4sentiert Preise oder Finanzdienstleistungen\" class=\"wp-image-266\" style=\"width:auto;height:150px\"\/><\/figure>\n\n\n\n<h3 class=\"wp-block-heading\">No fixed costs<\/h3>\n\n\n\n<p>There are no fees for registration, your hotel profile or receiving enquiries.<\/p>\n<\/div>\n\n\n\n<div class=\"wp-block-column is-layout-flow wp-block-column-is-layout-flow\" style=\"flex-basis:270px\">\n<figure class=\"wp-block-image size-full is-resized\"><img decoding=\"async\" src=\"https:\/\/www.fave.de\/wp-content\/uploads\/2026\/01\/FAVE_Icon_Layers_gruen.svg\" alt=\"\u00dcbereinander geschichtete Ebenen mit gr\u00fcner oberster Schicht, repr\u00e4sentiert Organisation oder Struktur\" class=\"wp-image-267\" style=\"width:auto;height:150px\"\/><\/figure>\n\n\n\n<h3 class=\"wp-block-heading\">Standardised profiles<\/h3>\n\n\n\n<p>You create your own profile. All profiles are standardised \u2013 the client determines the sorting of listings.<\/p>\n<\/div>\n\n\n\n<div class=\"wp-block-column is-layout-flow wp-block-column-is-layout-flow\" style=\"flex-basis:270px\">\n<figure class=\"wp-block-image size-full is-resized\"><img decoding=\"async\" src=\"https:\/\/www.fave.de\/wp-content\/uploads\/2026\/01\/FAVE_Icon_Dartscheibe_gruen.svg\" alt=\"Kreisf\u00f6rmiges Zielscheiben-Symbol mit Pfeil und Blatt, repr\u00e4sentiert Ziele oder nachhaltige Zielsetzungen\" class=\"wp-image-268\" style=\"width:auto;height:150px\"\/><\/figure>\n\n\n\n<h3 class=\"wp-block-heading\">Only matching requests<\/h3>\n\n\n\n<p>You only receive requests that match your capacities.<\/p>\n<\/div>\n\n\n\n<div class=\"wp-block-column is-layout-flow wp-block-column-is-layout-flow\" style=\"flex-basis:270px\">\n<figure class=\"wp-block-image size-full is-resized\"><img decoding=\"async\" src=\"https:\/\/www.fave.de\/wp-content\/uploads\/2026\/01\/FAVE_Icon_Sprechblasen_gruen.svg\" alt=\"Zwei Sprechblasen mit H\u00e4kchen, repr\u00e4sentiert Kommunikation oder best\u00e4tigte Nachrichten\" class=\"wp-image-269\" style=\"width:auto;height:150px\"\/><\/figure>\n\n\n\n<h3 class=\"wp-block-heading\">Easy to use<\/h3>\n\n\n\n<p>Requests are answered quickly and easily \u2013 with smart functions exclusive to FAVE.<\/p>\n<\/div>\n<\/div>\n<\/div>\n\n\n\n<div class=\"wp-block-group is-layout-constrained wp-block-group-is-layout-constrained\" style=\"margin-top:var(--wp--preset--spacing--ml);margin-bottom:var(--wp--preset--spacing--ml)\">\n<div class=\"wp-block-acv-slider swiper width-md has-green-background-color has-background\" data-swiper=\"{&quot;autoHeight&quot;:true,&quot;navigation&quot;:true,&quot;className&quot;:&quot;width-md&quot;,&quot;backgroundColor&quot;:&quot;green&quot;,&quot;slidesPerGroup&quot;:&quot;auto&quot;}\"><div class=\"swiper-wrapper\">\n<div class=\"wp-block-acv-slide swiper-slide\">\n<blockquote class=\"wp-block-quote is-layout-flow wp-block-quote-is-layout-flow\">\n<p>Our experience of collaborating with FAVE is exceptionally professional and straightforward. Projects are always implemented efficiently, reliably and with total commitment.<\/p>\n<cite><strong>Ilka M.<br><\/strong>Maritim proArte Hotel Berlin<\/cite><\/blockquote>\n<\/div>\n\n\n\n<div class=\"wp-block-acv-slide swiper-slide\">\n<blockquote class=\"wp-block-quote is-layout-flow wp-block-quote-is-layout-flow\">\n<p>Collaborating with FAVE is particularly valuable for us. The clarity and openness helps us achieve excellent results together.<\/p>\n<cite><strong>Lena B.<br><\/strong>Steigenberger Hotel Bad Homburg<\/cite><\/blockquote>\n<\/div>\n\n\n\n<div class=\"wp-block-acv-slide swiper-slide\">\n<blockquote class=\"wp-block-quote is-layout-flow wp-block-quote-is-layout-flow\">\n<p>Thanks to the smooth communication, bookings are implemented efficiently and successfully. In FAVE, we have found a reliable partner that not only provides reach, but also focuses on quality and service. This collaboration is a real win, characterised by commitment, transparency and strong teamwork.<\/p>\n<cite><strong>Marius B.<br><\/strong>M\u00f6venpick Hotel M\u00fcnster<\/cite><\/blockquote>\n<\/div>\n\n\n\n<div class=\"wp-block-acv-slide swiper-slide\">\n<blockquote class=\"wp-block-quote is-layout-flow wp-block-quote-is-layout-flow\">\n<p>Mr Knopf of FAVE has been reliably at our side for many years and with total commitment. He finds suitable solutions and makes almost anything possible. If something can\u2019t be done, he surprises us with excellent alternatives. I would like to express my sincere thanks and look forward to continuing our collaboration.<\/p>\n<cite><strong>Petra W.<\/strong><br>Pullman Cologne<\/cite><\/blockquote>\n<\/div>\n\n\n\n<div class=\"wp-block-acv-slide swiper-slide\">\n<blockquote class=\"wp-block-quote is-layout-flow wp-block-quote-is-layout-flow\">\n<p>Working with FAVE is characterised by open and direct communication as well as a fast response. We particularly value the straightforward coordination, the professional and reliable organisation as well as the collaborative partnership. FAVE\u2019s team is not only impressive with its competence but also with its friendly manner \u2013 this collaboration is a real joy.<\/p>\n<cite><strong>Cita W.<\/strong><br>Titanic Hotels<\/cite><\/blockquote>\n<\/div>\n\n\n\n<div class=\"wp-block-acv-slide swiper-slide\">\n<blockquote class=\"wp-block-quote is-layout-flow wp-block-quote-is-layout-flow\">\n<p>With FAVE we have enjoyed a trusting partnership for many years. Philip Knopf treats us with professionalism, warmth and a keen eye for detail. Our collaboration is characterised by open communication, reliability and mutual understanding. This makes every joint event a successful experience.<\/p>\n<cite><strong>Yvonne K.<\/strong><br>Signo Hospitality GmbH<\/cite><\/blockquote>\n<\/div>\n\n\n\n<div class=\"wp-block-acv-slide swiper-slide\">\n<blockquote class=\"wp-block-quote is-layout-flow wp-block-quote-is-layout-flow\">\n<p>The collaboration is professional, efficient and on equal terms \u2013 exactly as you would want it to be. The personal exchange is very valuable to our convention sales team. We would not want to miss out on working with FAVE. We look forward to continuing our collaboration.<\/p>\n<cite><strong>Patrick S.<\/strong><br>H-Hotels GmbH<\/cite><\/blockquote>\n<\/div>\n\n\n\n<div class=\"wp-block-acv-slide swiper-slide\">\n<blockquote class=\"wp-block-quote is-layout-flow wp-block-quote-is-layout-flow\">\n<p>Working with FAVE is professional, reliable and collaborative. Our contacts are always listening attentively for any concerns the guests might have. Then we find solutions quickly together.<\/p>\n<cite><strong>Tina G.<\/strong><br>Dorint Hotels &amp; Resorts<\/cite><\/blockquote>\n<\/div>\n\n\n\n<div class=\"wp-block-acv-slide swiper-slide\">\n<blockquote class=\"wp-block-quote is-layout-flow wp-block-quote-is-layout-flow\">\n<p>I\u2019m very happy with FAVE. The appealing layout of the website makes it easy to flexibly move individual building blocks and quickly put together offers.<\/p>\n<cite><strong>Olga K.<\/strong><br>Mercure Hotel Hamburg City<\/cite><\/blockquote>\n<\/div>\n\n\n\n<div class=\"wp-block-acv-slide swiper-slide\">\n<blockquote class=\"wp-block-quote is-layout-flow wp-block-quote-is-layout-flow\">\n<p>Working with the FAVE team is quick, straightforward and characterised by excellent communication. Precise details make our work easier and allow us to process enquiries with ease and smoothly. We particularly appreciate the reliability and the partnership-based exchange.<\/p>\n<cite><strong>Antonia I.<\/strong><br>Steigenberger Parkhotel Braunschweig<\/cite><\/blockquote>\n<\/div>\n\n\n\n<div class=\"wp-block-acv-slide swiper-slide\">\n<blockquote class=\"wp-block-quote is-layout-flow wp-block-quote-is-layout-flow\">\n<p>The collaboration with FAVE is straightforward and smooth. The open and friendly exchange creates a pleasant partnership. Ideas are listened to and taken on board, uncertainties are clarified early on.<\/p>\n<cite><strong>Sandra W.<\/strong><br>Hotel Alte Werft Papenburg<\/cite><\/blockquote>\n<\/div>\n\n\n\n<div class=\"wp-block-acv-slide swiper-slide\">\n<blockquote class=\"wp-block-quote is-layout-flow wp-block-quote-is-layout-flow\">\n<p>The FAVE interface is very clear, which makes it pleasant to use. I really appreciate that I can submit our offers easily and professionally via the platform. The collaboration is always very friendly and personal \u2013 a real pleasure.<\/p>\n<cite><strong>Rebecca W.<\/strong><br>Hilton K\u00f6ln<\/cite><\/blockquote>\n<\/div>\n\n\n\n<div class=\"wp-block-acv-slide swiper-slide\">\n<blockquote class=\"wp-block-quote is-layout-flow wp-block-quote-is-layout-flow\">\n<p>FAVE\u2019s USP is its personalised support. If I have any questions or challenges, I can always rely on their telephone support \u2013 I always find someone who is keen to listen.<\/p>\n<cite><strong>Anja E.<\/strong><br>Maritim Hotel Bonn<\/cite><\/blockquote>\n<\/div>\n\n\n\n<div class=\"wp-block-acv-slide swiper-slide\">\n<blockquote class=\"wp-block-quote is-layout-flow wp-block-quote-is-layout-flow\">\n<p>Our experience of collaborating with FAVE is really pleasant and professional. The clear communication as well as the smooth processes make it easy for us to work successfully. It is particularly pleasing that we can win new bookings regularly through this collaboration.<\/p>\n<cite><strong>Annika M.<\/strong><br>Hyatt Regency D\u00fcsseldorf<\/cite><\/blockquote>\n<\/div>\n\n\n\n<div class=\"wp-block-acv-slide swiper-slide\">\n<blockquote class=\"wp-block-quote is-layout-flow wp-block-quote-is-layout-flow\">\n<p>Working with FAVE enabled us to increase the occupancy rate of our congress centre. It is really valuable for us to know that we have a reliable partner with good industry knowledge at our side.<\/p>\n<cite><strong>Tim R.<\/strong><br>Mercure Hotel Dortmund Messe &amp; Kongress Westfalenhallen<\/cite><\/blockquote>\n<\/div>\n\n\n\n<div class=\"wp-block-acv-slide swiper-slide\">\n<blockquote class=\"wp-block-quote is-layout-flow wp-block-quote-is-layout-flow\">\n<p>We very much appreciate the longstanding and trusting cooperation with FAVE. Customer enquiries reach us perfectly pre-screened and structured. This allows us to provide efficient and targeted quotes. Particularly noteworthy are the professional approach and the human touch in our interactions.<\/p>\n<cite><strong>Martin S.<\/strong><br>Osnabr\u00fcckHalle<\/cite><\/blockquote>\n<\/div>\n\n\n\n<div class=\"wp-block-acv-slide swiper-slide\">\n<blockquote class=\"wp-block-quote is-layout-flow wp-block-quote-is-layout-flow\">\n<p>Collaborating with the FAVE team is always pleasant \u2013 straightforward, reliable and on an equal level. We regularly receive qualified enquiries that match our hotel perfectly. We really value the personal exchange and the cooperative partnership.<\/p>\n<cite><strong>Marleen E.<\/strong><br>Hotel Freizeit In G\u00f6ttingen<\/cite><\/blockquote>\n<\/div>\n\n\n\n<div class=\"wp-block-acv-slide swiper-slide\">\n<blockquote class=\"wp-block-quote is-layout-flow wp-block-quote-is-layout-flow\">\n<p>The collaboration with FAVE is characterised by reliability, clear communication and an approach that is based on partnership. We value the transparent coordination, quick responses and the mutual trust.<\/p>\n<cite><strong>Cinzia A.<\/strong><br>Villa Toskana, Leimen<\/cite><\/blockquote>\n<\/div>\n\n\n\n<div class=\"wp-block-acv-slide swiper-slide\">\n<blockquote class=\"wp-block-quote is-layout-flow wp-block-quote-is-layout-flow\">\n<p>The collaboration is always positive. Viewings with clients are always very well prepared, smoothly conducted and leave a convincing impression. When faced with special requirements or last-minute changes, FAVE demonstrates its solution-oriented approach and strong communication skills. We value the open and reliable exchange and look forward to our future collaboration.<\/p>\n<cite><strong>Michelle B.<\/strong><br>Maritim Stuttgart<\/cite><\/blockquote>\n<\/div>\n\n\n\n<div class=\"wp-block-acv-slide swiper-slide\">\n<blockquote class=\"wp-block-quote is-layout-flow wp-block-quote-is-layout-flow\">\n<p>The collaboration with FAVE is reliable, professional and always solution-oriented. We particularly value the efficient management of enquiries and the smooth communication.<\/p>\n<cite><strong>Bojana A.<\/strong><br>Leonardo Royal Hotel N\u00fcrnberg<\/cite><\/blockquote>\n<\/div>\n\n\n\n<div class=\"wp-block-acv-slide swiper-slide\">\n<blockquote class=\"wp-block-quote is-layout-flow wp-block-quote-is-layout-flow\">\n<p>The collaboration with FAVE is straightforward and efficient. Feedback is provided promptly, agreements are honoured \u2013 exactly as one would expect.<\/p>\n<cite><strong>Victoria B.<\/strong><br>Maritim Hotel Ingolstadt<\/cite><\/blockquote>\n<\/div>\n\n\n\n<div class=\"wp-block-acv-slide swiper-slide\">\n<blockquote class=\"wp-block-quote is-layout-flow wp-block-quote-is-layout-flow\">\n<p>FAVE stands out in the diverse agency landscape. Before each enquiry, they conduct targeted and professional research to determine which hotel to contact. We always receive competent answers to our queries. The customer\u2019s wishes are sought out and understood. A collaboration that is equally beneficial for all sides.<\/p>\n<cite><strong>Silke E.<\/strong><br>Steigenberger Hotel Der Sonnenhof, Bad W\u00f6rishofen<\/cite><\/blockquote>\n<\/div>\n\n\n\n<div class=\"wp-block-acv-slide swiper-slide\">\n<blockquote class=\"wp-block-quote is-layout-flow wp-block-quote-is-layout-flow\">\n<p>FAVE is an exceptionally reliable partner. Together we have already realised many great events which would not have been possible without this network. FAVE operates transparently, professionally and with lots of passion. The team has an extraordinary sense for their clients\u2019 desires and needs.<\/p>\n<cite><strong>Pia O.<\/strong><br>Bilderberg Bellevue Dresden<\/cite><\/blockquote>\n<\/div>\n\n\n\n<div class=\"wp-block-acv-slide swiper-slide\">\n<blockquote class=\"wp-block-quote is-layout-flow wp-block-quote-is-layout-flow\">\n<p>Collaborating with FAVE is always straightforward and direct. The communication is really enjoyable and Mr Knopf supports us with advice and assistance for all our events. We look forward to many more joint projects.<\/p>\n<cite><strong>Bianca E.<\/strong><br>Maritim Hotel &amp; Internationales Congress Center Dresden<\/cite><\/blockquote>\n<\/div>\n<\/div><div class=\"swiper-ui\"><div class=\"swiper-button-prev\"><\/div><div class=\"swiper-button-next\"><\/div><\/div><\/div>\n<\/div>\n\n\n\n<div class=\"wp-block-cover alignfull is-light\"><img loading=\"lazy\" decoding=\"async\" width=\"2560\" height=\"1244\" class=\"wp-block-cover__image-background wp-image-272 size-full\" alt=\"\" src=\"https:\/\/www.fave.de\/wp-content\/uploads\/2026\/01\/FAVE_02_Hotels-Empfang-scaled.webp\" data-object-fit=\"cover\"\/><span aria-hidden=\"true\" class=\"wp-block-cover__background has-background-dim-0 has-background-dim\"><\/span><div class=\"wp-block-cover__inner-container is-layout-constrained wp-block-cover-is-layout-constrained\">\n<figure class=\"wp-block-image size-full\"><img loading=\"lazy\" decoding=\"async\" width=\"2560\" height=\"1244\" src=\"https:\/\/www.fave.de\/wp-content\/uploads\/2026\/01\/FAVE_02_Hotels-Empfang-scaled.webp\" alt=\"Das Bild zeigt zwei Business-Professionals in einem modernen B\u00fcro mit Glasw\u00e4nden. Eine junge Frau in grauem Business-Anzug h\u00e4lt ein Tablet und gestikuliert w\u00e4hrend eines Gespr\u00e4chs. Ihr gegen\u00fcber steht ein Mann mit Bart und Brille im blauen Anzug mit wei\u00dfem Hemd, der einen Laptop h\u00e4lt und l\u00e4chelt.\" class=\"wp-image-272\"\/><\/figure>\n\n\n\n<div class=\"wp-block-group has-transparent-background-color has-background is-layout-constrained wp-block-group-is-layout-constrained\">\n<h2 class=\"wp-block-heading has-text-align-center has-large-font-size\">How our collaboration works<\/h2>\n\n\n\n<p class=\"has-text-align-center\">You decide when and how to respond to enquiries. We support you personally and make sure you receive relevant leads. You remain independent in your pricing.<\/p>\n<\/div>\n<\/div><\/div>\n\n\n\n<div class=\"wp-block-group width-846 has-text-align-center is-layout-grid wp-container-core-group-is-layout-baef362d wp-block-group-is-layout-grid\">\n<div class=\"wp-block-group has-green-background-color has-background is-layout-constrained wp-block-group-is-layout-constrained\">\n<p class=\"has-h-1-font-size\"><span class=\"odometer\">20<\/span>+<\/p>\n\n\n\n<p>Years of experience<\/p>\n<\/div>\n\n\n\n<div class=\"wp-block-group has-green-background-color has-background is-layout-constrained wp-block-group-is-layout-constrained\">\n<p class=\"has-h-1-font-size\"><span class=\"odometer\">500<\/span>+<\/p>\n\n\n\n<p>Bookings per year<\/p>\n<\/div>\n\n\n\n<div class=\"wp-block-group has-green-background-color has-background is-layout-constrained wp-block-group-is-layout-constrained\">\n<p class=\"has-h-1-font-size\"><span class=\"odometer\">500<\/span>+<\/p>\n\n\n\n<p>Site inspections<\/p>\n<\/div>\n\n\n\n<div class=\"wp-block-group has-green-background-color has-background is-layout-constrained wp-block-group-is-layout-constrained\">\n<p class=\"has-h-1-font-size\"><span class=\"odometer\">100<\/span>%<\/p>\n\n\n\n<p>Independent<\/p>\n<\/div>\n<\/div>\n\n\n\n<div class=\"wp-block-group width-md is-layout-constrained wp-block-group-is-layout-constrained\">\n<h2 class=\"wp-block-heading has-text-align-center\">Frequently asked questions<\/h2>\n\n\n\n<div class=\"wp-block-accordion-widget allow-close-all has-green-background-color has-background\">\n<div class=\"wp-block-accordion-item\">\n<h3 class=\"wp-block-heading\">How can my hotel be part of FAVE?<\/h3>\n\n\n\n<div class=\"wp-block-accordion-item-content\">\n<p>It\u2019s easy. After registering here on the website, you will receive an invitation via email allowing you to set up your hotel profile. Hotel chains and operators can independently create hotel profiles and add users.<\/p>\n<\/div>\n<\/div>\n\n\n\n<div class=\"wp-block-accordion-item\">\n<h3 class=\"wp-block-heading\">How much does FAVE cost?<\/h3>\n\n\n\n<div class=\"wp-block-accordion-item-content\">\n<p>Registration, hotel profile, receiving and processing enquiries are all free of charge. Only bookings are subject to a fair commission, which you can determine yourself.<\/p>\n<\/div>\n<\/div>\n\n\n\n<div class=\"wp-block-accordion-item\">\n<h3 class=\"wp-block-heading\">Is it possible to specifically highlight my hotel and offer?<\/h3>\n\n\n\n<div class=\"wp-block-accordion-item-content\">\n<p>FAVE does not let you preferentially display or highlight hotel profiles or offers. We are committed to a standardised, independent and ad-free choice which is based solely on event planners\u2019 search criteria and requirements. The same conditions apply for all hotels.<\/p>\n<\/div>\n<\/div>\n\n\n\n<div class=\"wp-block-accordion-item\">\n<h3 class=\"wp-block-heading\">Wie l\u00e4uft die Kommunikation mit den Kunden?<\/h3>\n\n\n\n<div class=\"wp-block-accordion-item-content\">\n<p>Right up to the actual booking all communication is done through FAVE. Requests for quotes only show the title of the event as provided by the client. Upon clients request and with approval, the company\u2019s name can be displayed. Once the client confirms your offer, you will receive all the necessary details.<\/p>\n<\/div>\n<\/div>\n<\/div>\n<\/div>\n\n\n\n<div class=\"wp-block-columns cta has-text-align-center is-layout-flex wp-container-core-columns-is-layout-9d6595d7 wp-block-columns-is-layout-flex\">\n<div class=\"wp-block-column wp-block-column__content has-green-background-color has-background is-layout-flow wp-block-column-is-layout-flow\">\n<h2 class=\"wp-block-heading\">Create a profile now<\/h2>\n\n\n\n<p>Everything clear? Then register now \u2013 we look forward to working with your hotel.<\/p>\n\n\n\n<div class=\"wp-block-buttons is-content-justification-center is-layout-flex wp-container-core-buttons-is-layout-16018d1d wp-block-buttons-is-layout-flex\">\n<div class=\"wp-block-button\"><a class=\"wp-block-button__link has-white-background-color has-background wp-element-button\" href=\"https:\/\/www.fave.de\/en\/for-hotels\/registration\/\">Request registration &amp; receive bookings<\/a><\/div>\n<\/div>\n<\/div>\n<\/div>\n","protected":false},"excerpt":{"rendered":"<p>FAVE for hotels FAVE brings hotels and clients together \u2013 directly, targeted and without any fixed costs. On this page you will learn how our platform works and why so many hotels enjoy collaborating with FAVE. FAVE for hotels No fixed costs There are no fees for registration, your hotel profile or receiving enquiries. Standardised [&hellip;]<\/p>\n","protected":false},"author":1,"featured_media":0,"parent":0,"menu_order":0,"comment_status":"closed","ping_status":"closed","template":"","meta":{"_locale":"en_US","_original_post":"https:\/\/www.fave.de\/?page_id=208","_thumbnails":[],"footnotes":"","_hide_thumbnail":false},"class_list":["post-857","page","type-page","status-publish","hentry","en-US","teaser-view"],"aioseo_notices":[],"_links":{"self":[{"href":"https:\/\/www.fave.de\/wp-json\/wp\/v2\/pages\/857","targetHints":{"allow":["GET"]}}],"collection":[{"href":"https:\/\/www.fave.de\/wp-json\/wp\/v2\/pages"}],"about":[{"href":"https:\/\/www.fave.de\/wp-json\/wp\/v2\/types\/page"}],"author":[{"embeddable":true,"href":"https:\/\/www.fave.de\/wp-json\/wp\/v2\/users\/1"}],"replies":[{"embeddable":true,"href":"https:\/\/www.fave.de\/wp-json\/wp\/v2\/comments?post=857"}],"version-history":[{"count":9,"href":"https:\/\/www.fave.de\/wp-json\/wp\/v2\/pages\/857\/revisions"}],"predecessor-version":[{"id":894,"href":"https:\/\/www.fave.de\/wp-json\/wp\/v2\/pages\/857\/revisions\/894"}],"wp:attachment":[{"href":"https:\/\/www.fave.de\/wp-json\/wp\/v2\/media?parent=857"}],"curies":[{"name":"wp","href":"https:\/\/api.w.org\/{rel}","templated":true}]}}