{"id":863,"date":"2026-04-26T12:05:18","date_gmt":"2026-04-26T10:05:18","guid":{"rendered":"https:\/\/www.fave.de\/?page_id=863"},"modified":"2026-04-26T12:05:18","modified_gmt":"2026-04-26T10:05:18","slug":"about-fave","status":"publish","type":"page","link":"https:\/\/www.fave.de\/en\/about-fave\/","title":{"rendered":"About FAVE"},"content":{"rendered":"\n<div class=\"wp-block-columns alignfull cta is-layout-flex wp-container-core-columns-is-layout-9d6595d7 wp-block-columns-is-layout-flex\">\n<div class=\"wp-block-column wp-block-column__content has-purple-background-color has-background is-layout-flow wp-block-column-is-layout-flow\"><div class=\"aioseo-breadcrumbs\"><span class=\"aioseo-breadcrumb\">\n\t\t\t<a href=\"https:\/\/www.fave.de\" title=\"Startseite\">Startseite<\/a>\n\t\t<\/span><span class=\"aioseo-breadcrumb-separator\">\u203a<\/span><span class=\"aioseo-breadcrumb\">\n\t\t\tAbout FAVE\n\t\t<\/span><\/div>\n\n\n\n<h1 class=\"wp-block-heading\">Find a <br>venue easily<\/h1>\n<\/div>\n\n\n\n<div class=\"wp-block-column wp-block-column__media is-layout-flow wp-block-column-is-layout-flow\">\n<figure class=\"wp-block-video hide-mobile\"><video height=\"1200\" style=\"aspect-ratio: 1660 \/ 1200;\" width=\"1660\" loop muted poster=\"https:\/\/www.fave.de\/wp-content\/uploads\/2026\/02\/FAVE_01_Ueber-uns-Meeting_preview.webp\" preload=\"none\" src=\"https:\/\/www.fave.de\/wp-content\/uploads\/2026\/02\/FAVE_01_Ueber-uns-Meeting.webm\" playsinline><\/video><\/figure>\n\n\n\n<figure class=\"wp-block-video hide-tablet hide-desktop\"><video height=\"824\" style=\"aspect-ratio: 640 \/ 824;\" width=\"640\" loop muted poster=\"https:\/\/www.fave.de\/wp-content\/uploads\/2026\/02\/FAVE_01_Ueber-uns-Meeting_mobil_preview.webp\" preload=\"none\" src=\"https:\/\/www.fave.de\/wp-content\/uploads\/2026\/02\/FAVE_01_Ueber-uns-Meeting_mobil-1.webm\" playsinline><\/video><\/figure>\n<\/div>\n<\/div>\n\n\n\n<div class=\"wp-block-group width-md is-layout-constrained wp-block-group-is-layout-constrained\">\n<p class=\"has-text-align-center has-h-3-font-size\">FAVE makes event bookings easier, more transparent and more digital. We only match suppliers and clients that really fit together \u2013 for events that inspire.<\/p>\n<\/div>\n\n\n\n<div class=\"wp-block-cover alignfull\"><img loading=\"lazy\" decoding=\"async\" width=\"1280\" height=\"622\" class=\"wp-block-cover__image-background wp-image-250 size-large\" alt=\"Das Bild zeigt eine l\u00e4chelnde Kundenservice-Mitarbeiterin oder Telefonistin in einem modernen B\u00fcro. Sie tr\u00e4gt ein cremefarbenes kurz\u00e4rmeliges Oberteil und ein Headset mit Mikrofon.\" src=\"https:\/\/www.fave.de\/wp-content\/uploads\/2026\/01\/FAVE_02_Ueber-uns-Mitarbeiterin-1280x622.webp\" data-object-fit=\"cover\"\/><span aria-hidden=\"true\" class=\"wp-block-cover__background has-background-dim-0 has-background-dim\" style=\"background-color:#655e4f\"><\/span><div class=\"wp-block-cover__inner-container is-layout-flow wp-block-cover-is-layout-flow\">\n<div class=\"wp-block-group has-transparent-background-color has-background is-layout-constrained wp-block-group-is-layout-constrained\">\n<h2 class=\"wp-block-heading has-text-align-center\">A fresh approach to conference &amp; congress planning<\/h2>\n\n\n\n<p class=\"has-text-align-center\">We have made it our task to radically simplify business event planning. Faster processes, transparent pricing and tailor-made offers mean less trouble and lower costs, and help create fascinating events for all participants.<\/p>\n<\/div>\n<\/div><\/div>\n\n\n\n<div class=\"wp-block-group is-layout-constrained wp-block-group-is-layout-constrained\">\n<h2 class=\"wp-block-heading has-text-align-center\">The perfect event starts with the right values.<\/h2>\n\n\n\n<div class=\"wp-block-columns has-text-align-center is-layout-flex wp-container-core-columns-is-layout-9d6595d7 wp-block-columns-is-layout-flex\">\n<div class=\"wp-block-column is-layout-flow wp-block-column-is-layout-flow\" style=\"flex-basis:300px\">\n<figure class=\"wp-block-image size-full is-resized\"><img decoding=\"async\" src=\"https:\/\/www.fave.de\/wp-content\/uploads\/2026\/01\/FAVE_Icon_Papier_gruen.svg\" alt=\"Gr\u00fcnes Dokumenten-Symbol mit H\u00e4kchen, repr\u00e4sentiert Aufgaben oder erledigte Punkte\" class=\"wp-image-281\" style=\"width:auto;height:150px\"\/><\/figure>\n\n\n\n<h3 class=\"wp-block-heading\">Simple<\/h3>\n\n\n\n<p>We make event planning easy. No complicated processes, no technical jargon. Only the things you need \u2013 clear, concise and to the point.<\/p>\n<\/div>\n\n\n\n<div class=\"wp-block-column is-layout-flow wp-block-column-is-layout-flow\" style=\"flex-basis:300px\">\n<figure class=\"wp-block-image size-full is-resized\"><img decoding=\"async\" src=\"https:\/\/www.fave.de\/wp-content\/uploads\/2026\/01\/FAVE_Icon_Gluehbirne_gruen.svg\" alt=\"Leuchtende gr\u00fcne Gl\u00fchbirne, repr\u00e4sentiert Ideen oder Innovation mit &quot;Smart&quot;-Beschriftung\" class=\"wp-image-282\" style=\"width:auto;height:150px\"\/><\/figure>\n\n\n\n<h3 class=\"wp-block-heading\">Smart<\/h3>\n\n\n\n<p>We think ahead. FAVE combines technology with industry experience \u2013 for suggestions that really fit and bookings that almost take care of themselves.<\/p>\n<\/div>\n\n\n\n<div class=\"wp-block-column is-layout-flow wp-block-column-is-layout-flow\" style=\"flex-basis:300px\">\n<figure class=\"wp-block-image size-full is-resized\"><img decoding=\"async\" src=\"https:\/\/www.fave.de\/wp-content\/uploads\/2026\/01\/FAVE_Icon_Handshake_gruen.svg\" alt=\"Zwei sich sch\u00fcttelnde H\u00e4nde mit gr\u00fcnen \u00c4rmeln, repr\u00e4sentiert Partnerschaft oder Vereinbarung\" class=\"wp-image-283\" style=\"width:auto;height:150px\"\/><\/figure>\n\n\n\n<h3 class=\"wp-block-heading\">Fair<\/h3>\n\n\n\n<p>Transparent prices, honest communication, genuine freedom of choice. We stand for clarity \u2013 and for partnerships that are based on trust.<\/p>\n<\/div>\n<\/div>\n<\/div>\n\n\n\n<h2 class=\"wp-block-heading\">Our history<\/h2>\n\n\n\n<div class=\"wp-block-group is-layout-constrained wp-block-group-is-layout-constrained\" style=\"margin-top:var(--wp--preset--spacing--im)\">\n<div class=\"wp-block-group timeline-item is-layout-flow wp-block-group-is-layout-flow\">\n<h3 class=\"wp-block-heading has-h-1-font-size\">2004<\/h3>\n\n\n\n<div class=\"wp-block-group is-layout-flow wp-block-group-is-layout-flow\">\n<h3 class=\"wp-block-heading\">Event competence from Switzerland<\/h3>\n\n\n\n<p>Foundation of the smti Deutschland GmbH \u2013 a subsidiary of Swiss smti AG, the largest purchasing association in the events sector.<\/p>\n<\/div>\n<\/div>\n\n\n\n<div class=\"wp-block-group timeline-item is-layout-flow wp-block-group-is-layout-flow\">\n<h3 class=\"wp-block-heading has-h-1-font-size\">2018<\/h3>\n\n\n\n<div class=\"wp-block-group is-layout-flow wp-block-group-is-layout-flow\">\n<h3 class=\"wp-block-heading\">New name, new focus<\/h3>\n\n\n\n<p>smti Deutschland GmbH becomes HR Hospitality GmbH. Its focus: arranging conference hotels as well as organising international events and incentive trips.<\/p>\n<\/div>\n<\/div>\n\n\n\n<div class=\"wp-block-group timeline-item is-layout-flow wp-block-group-is-layout-flow\">\n<h3 class=\"wp-block-heading has-h-1-font-size\">2020<\/h3>\n\n\n\n<div class=\"wp-block-group is-layout-flow wp-block-group-is-layout-flow\">\n<h3 class=\"wp-block-heading\">Leaving the crisis behind with a new concept<\/h3>\n\n\n\n<p>The coronavirus crisis poses major challenges for the company \u2013 and becomes an impetus for change: the business model is rethought and digitalisation takes centre stage. An idea develops into a viable concept that is successfully implemented in a short period of time.<\/p>\n<\/div>\n<\/div>\n\n\n\n<div class=\"wp-block-group timeline-item is-layout-flow wp-block-group-is-layout-flow\">\n<h3 class=\"wp-block-heading has-h-1-font-size\">2022<\/h3>\n\n\n\n<div class=\"wp-block-group is-layout-flow wp-block-group-is-layout-flow\">\n<h3 class=\"wp-block-heading\">hospired.net is launched<\/h3>\n\n\n\n<p>A new start under a new name and with a new website: with hospired.net, a functional platform for professional conference bookings is launched \u2013 fast, transparent and independent. The experience of running operations continuously informs the further development and optimisation of the user experience.<\/p>\n<\/div>\n<\/div>\n\n\n\n<div class=\"wp-block-group timeline-item is-layout-flow wp-block-group-is-layout-flow\">\n<h3 class=\"wp-block-heading has-h-1-font-size\">2026<\/h3>\n\n\n\n<div class=\"wp-block-group is-layout-flow wp-block-group-is-layout-flow\">\n<h3 class=\"wp-block-heading\">Find Your Venue Easily<\/h3>\n\n\n\n<p>hospired.net becomes FAVE \u2013 a brand, that demonstrates what we stand for: easy and transparent conference bookings. We also make a fresh start with tech. We have been building on our experience with the current platform since 2022. The new booking tool is fresher, clearer and more focussed on what really matters. We are also developing additional features such as participant management and the integration of event locations.<\/p>\n<\/div>\n<\/div>\n<\/div>\n\n\n\n<div class=\"wp-block-group width-846 is-layout-constrained wp-block-group-is-layout-constrained\">\n<h2 class=\"wp-block-heading has-text-align-center\">A team that knows both sides from long-term experience.<\/h2>\n\n\n\n<p class=\"has-text-align-center\">Behind FAVE is a team that lives and breathes the world of hotels and events. Our background is rooted in practice \u2013 we have experience in planning and executing events \u2013 both as organisers and providers.<\/p>\n\n\n\n<p>We know what really matters \u2013 a smooth process from enquiry to booking. This knowledge forms the base of our work at FAVE.<\/p>\n\n\n\n<p class=\"has-text-align-center\">Our aim: To not only offer a technical solution, but also genuine added value \u2013 through experience, understanding the market and a keen eye for quality.<\/p>\n\n\n\n<div class=\"wp-block-group width-846 has-text-align-center is-layout-grid wp-container-core-group-is-layout-baef362d wp-block-group-is-layout-grid\">\n<div class=\"wp-block-group has-green-background-color has-background is-layout-constrained wp-block-group-is-layout-constrained\">\n<p class=\"has-h-1-font-size\"><span class=\"odometer\">20<\/span>+<\/p>\n\n\n\n<p>Years of experience<\/p>\n<\/div>\n\n\n\n<div class=\"wp-block-group has-green-background-color has-background is-layout-constrained wp-block-group-is-layout-constrained\">\n<p class=\"has-h-1-font-size\"><span class=\"odometer\">500<\/span>+<\/p>\n\n\n\n<p>Bookings per year<\/p>\n<\/div>\n\n\n\n<div class=\"wp-block-group has-green-background-color has-background is-layout-constrained wp-block-group-is-layout-constrained\">\n<p class=\"has-h-1-font-size\"><span class=\"odometer\">500<\/span>+<\/p>\n\n\n\n<p>Site inspections<\/p>\n<\/div>\n\n\n\n<div class=\"wp-block-group has-green-background-color has-background is-layout-constrained wp-block-group-is-layout-constrained\">\n<p class=\"has-h-1-font-size\"><span class=\"odometer\">100<\/span>%<\/p>\n\n\n\n<p>Independent<\/p>\n<\/div>\n<\/div>\n<\/div>\n","protected":false},"excerpt":{"rendered":"<p>Find a venue easily FAVE makes event bookings easier, more transparent and more digital. We only match suppliers and clients that really fit together \u2013 for events that inspire. The perfect event starts with the right values. Simple We make event planning easy. No complicated processes, no technical jargon. Only the things you need \u2013 [&hellip;]<\/p>\n","protected":false},"author":1,"featured_media":0,"parent":0,"menu_order":0,"comment_status":"closed","ping_status":"closed","template":"","meta":{"_locale":"en_US","_original_post":"https:\/\/www.fave.de\/?page_id=248","_thumbnails":[],"footnotes":"","_hide_thumbnail":false},"class_list":["post-863","page","type-page","status-publish","hentry","en-US","teaser-view"],"aioseo_notices":[],"_links":{"self":[{"href":"https:\/\/www.fave.de\/wp-json\/wp\/v2\/pages\/863","targetHints":{"allow":["GET"]}}],"collection":[{"href":"https:\/\/www.fave.de\/wp-json\/wp\/v2\/pages"}],"about":[{"href":"https:\/\/www.fave.de\/wp-json\/wp\/v2\/types\/page"}],"author":[{"embeddable":true,"href":"https:\/\/www.fave.de\/wp-json\/wp\/v2\/users\/1"}],"replies":[{"embeddable":true,"href":"https:\/\/www.fave.de\/wp-json\/wp\/v2\/comments?post=863"}],"version-history":[{"count":1,"href":"https:\/\/www.fave.de\/wp-json\/wp\/v2\/pages\/863\/revisions"}],"predecessor-version":[{"id":864,"href":"https:\/\/www.fave.de\/wp-json\/wp\/v2\/pages\/863\/revisions\/864"}],"wp:attachment":[{"href":"https:\/\/www.fave.de\/wp-json\/wp\/v2\/media?parent=863"}],"curies":[{"name":"wp","href":"https:\/\/api.w.org\/{rel}","templated":true}]}}