{"id":870,"date":"2026-04-26T12:23:25","date_gmt":"2026-04-26T10:23:25","guid":{"rendered":"https:\/\/www.fave.de\/?page_id=870"},"modified":"2026-04-26T12:38:41","modified_gmt":"2026-04-26T10:38:41","slug":"registration","status":"publish","type":"page","link":"https:\/\/www.fave.de\/en\/for-companies-associations\/registration\/","title":{"rendered":"Registration"},"content":{"rendered":"\n<div class=\"wp-block-columns alignfull cta is-layout-flex wp-container-core-columns-is-layout-9d6595d7 wp-block-columns-is-layout-flex\">\n<div class=\"wp-block-column wp-block-column__content has-purple-background-color has-background is-layout-flow wp-block-column-is-layout-flow\"><div class=\"aioseo-breadcrumbs\"><span class=\"aioseo-breadcrumb\">\n\t\t\t<a href=\"https:\/\/www.fave.de\" title=\"Startseite\">Startseite<\/a>\n\t\t<\/span><span class=\"aioseo-breadcrumb-separator\">\u203a<\/span><span class=\"aioseo-breadcrumb\">\n\t\t\t<a href=\"https:\/\/www.fave.de\/en\/for-companies-associations\/\" title=\"FAVE for companies &amp; associations\">FAVE for companies &amp; associations<\/a>\n\t\t<\/span><span class=\"aioseo-breadcrumb-separator\">\u203a<\/span><span class=\"aioseo-breadcrumb\">\n\t\t\tRegistration\n\t\t<\/span><\/div>\n\n\n\n<h1 class=\"wp-block-heading\">Register now <br>for free<\/h1>\n<\/div>\n\n\n\n<div class=\"wp-block-column wp-block-column__media is-layout-flow wp-block-column-is-layout-flow\">\n<figure class=\"wp-block-image size-large hide-mobile\"><img loading=\"lazy\" decoding=\"async\" width=\"1280\" height=\"1082\" src=\"https:\/\/www.fave.de\/wp-content\/uploads\/2026\/01\/FAVE_01_Registrierung-Geschaeftsleute-1280x1082.webp\" alt=\"Das Bild zeigt eine professionelle Networking-Veranstaltung oder Business-Meeting in einem hellen, modernen Raum mit hohen Fenstern und bodenlangen, halbtransparenten Vorh\u00e4ngen. Im Vordergrund stehen f\u00fcnf Personen in Business-Kleidung in einer lockeren Gespr\u00e4chsrunde. Eine Frau mit lockigen Haaren in einem grauen Kleid unterh\u00e4lt sich mit einer Kollegin mit Kurzhaarschnitt und wei\u00dfem Oberteil, die von hinten zu sehen ist. In der Mitte steht eine l\u00e4chelnde Frau in gepunkteter Bluse und blauem Rock, die eine Kaffeetasse h\u00e4lt und ein Namensschild tr\u00e4gt. Rechts daneben stehen zwei M\u00e4nner in hellgrauen Anz\u00fcgen \u2013 einer von hinten, der andere im Profil sichtbar.\" class=\"wp-image-225\"\/><\/figure>\n\n\n\n<figure class=\"wp-block-image size-full hide-tablet hide-desktop\"><img loading=\"lazy\" decoding=\"async\" width=\"640\" height=\"732\" src=\"https:\/\/www.fave.de\/wp-content\/uploads\/2026\/02\/FAVE_01_Registrierung-Geschaeftsleute_mobil.webp\" alt=\"Das Bild zeigt eine professionelle Networking-Veranstaltung oder Business-Meeting in einem hellen, modernen Raum mit hohen Fenstern und bodenlangen, halbtransparenten Vorh\u00e4ngen. Im Vordergrund stehen f\u00fcnf Personen in Business-Kleidung in einer lockeren Gespr\u00e4chsrunde. Eine Frau mit lockigen Haaren in einem grauen Kleid unterh\u00e4lt sich mit einer Kollegin mit Kurzhaarschnitt und wei\u00dfem Oberteil, die von hinten zu sehen ist. In der Mitte steht eine l\u00e4chelnde Frau in gepunkteter Bluse und blauem Rock, die eine Kaffeetasse h\u00e4lt und ein Namensschild tr\u00e4gt. Rechts daneben stehen zwei M\u00e4nner in hellgrauen Anz\u00fcgen \u2013 einer von hinten, der andere im Profil sichtbar.\" class=\"wp-image-693\"\/><\/figure>\n<\/div>\n<\/div>\n\n\n\n<div class=\"wp-block-group alignfull is-layout-constrained wp-block-group-is-layout-constrained\">\n<div class=\"wp-block-group width-md is-layout-constrained wp-block-group-is-layout-constrained\">\n<p class=\"has-text-align-center has-h-3-font-size\">Gain access to the best conference hotels for your events \u2013 with the best conditions, quick availability checks, matching offers and personal advice.<\/p>\n<\/div>\n\n\n\n<div class=\"wp-block-group width-630 is-layout-constrained wp-block-group-is-layout-constrained\">\n<div class=\"wp-block-contact-form-7-contact-form-selector\">\n<div class=\"wpcf7 no-js\" id=\"wpcf7-f872-o1\" lang=\"de-DE\" dir=\"ltr\" data-wpcf7-id=\"872\">\n<div class=\"screen-reader-response\"><p role=\"status\" aria-live=\"polite\" aria-atomic=\"true\"><\/p> <ul><\/ul><\/div>\n<form action=\"\/en\/wp-json\/wp\/v2\/pages\/870#wpcf7-f872-o1\" method=\"post\" class=\"wpcf7-form init wpcf7-acceptance-as-validation\" aria-label=\"Kontaktformular\" novalidate=\"novalidate\" data-status=\"init\">\n<fieldset class=\"hidden-fields-container\"><input type=\"hidden\" name=\"_wpcf7\" value=\"872\" \/><input type=\"hidden\" name=\"_wpcf7_version\" value=\"6.1.5\" \/><input type=\"hidden\" name=\"_wpcf7_locale\" value=\"de_DE_formal\" \/><input type=\"hidden\" name=\"_wpcf7_unit_tag\" value=\"wpcf7-f872-o1\" \/><input type=\"hidden\" name=\"_wpcf7_container_post\" value=\"0\" \/><input type=\"hidden\" name=\"_wpcf7_posted_data_hash\" value=\"\" \/>\n<\/fieldset>\n<div class=\"form-item required\">\n    <label for=\"your-salutation\">Title<\/label>\n    <span class=\"wpcf7-form-control-wrap\" data-name=\"your-salutation\"><select class=\"wpcf7-form-control wpcf7-select wpcf7-validates-as-required\" id=\"your-salutation\" autocomplete=\"honorific-prefix\" aria-required=\"true\" aria-invalid=\"false\" name=\"your-salutation\"><option value=\"\">Title<\/option><option value=\"Mr\">Mr<\/option><option value=\"Ms\">Ms<\/option><option value=\"Mx\">Mx<\/option><option value=\"Prefer not to say\">Prefer not to say<\/option><\/select><\/span>\n<\/div>\n\n<div class=\"wp-block-columns\">\n    <div class=\"wp-block-column form-item required\">\n        <label for=\"your-firstname\">First Name<\/label>\n        <span class=\"wpcf7-form-control-wrap\" data-name=\"your-firstname\"><input size=\"40\" maxlength=\"400\" class=\"wpcf7-form-control wpcf7-text wpcf7-validates-as-required\" id=\"your-firstname\" autocomplete=\"given-name\" aria-required=\"true\" aria-invalid=\"false\" placeholder=\"First Name\" value=\"\" type=\"text\" name=\"your-firstname\" \/><\/span>\n    <\/div>\n    <div class=\"wp-block-column form-item required\">\n        <label for=\"your-lastname\">Surname<\/label>\n        <span class=\"wpcf7-form-control-wrap\" data-name=\"your-lastname\"><input size=\"40\" maxlength=\"400\" class=\"wpcf7-form-control wpcf7-text wpcf7-validates-as-required\" id=\"your-lastname\" autocomplete=\"family-name\" aria-required=\"true\" aria-invalid=\"false\" placeholder=\"Surname\" value=\"\" type=\"text\" name=\"your-lastname\" \/><\/span>\n    <\/div>\n<\/div>\n\n<div class=\"form-item required\">\n    <label for=\"your-company\">Company \/ Association<\/label>\n    <span class=\"wpcf7-form-control-wrap\" data-name=\"your-company\"><input size=\"40\" maxlength=\"400\" class=\"wpcf7-form-control wpcf7-text wpcf7-validates-as-required\" id=\"your-company\" aria-required=\"true\" aria-invalid=\"false\" placeholder=\"Company \/ Association\" value=\"\" type=\"text\" name=\"your-company\" \/><\/span>\n<\/div>\n\n<div class=\"form-item required\">\n    <label for=\"your-mail\">Email<\/label>\n    <span class=\"wpcf7-form-control-wrap\" data-name=\"your-mail\"><input size=\"40\" maxlength=\"400\" class=\"wpcf7-form-control wpcf7-email wpcf7-validates-as-required wpcf7-text wpcf7-validates-as-email\" id=\"your-mail\" autocomplete=\"email\" aria-required=\"true\" aria-invalid=\"false\" placeholder=\"Email\" value=\"\" type=\"email\" name=\"your-mail\" \/><\/span>\n<\/div>\n\n<div class=\"form-item\">\n    <label for=\"your-phone\">Phone Number<\/label>\n    <span class=\"wpcf7-form-control-wrap\" data-name=\"your-phone\"><input size=\"40\" maxlength=\"400\" class=\"wpcf7-form-control wpcf7-text\" id=\"your-phone\" autocomplete=\"tel\" aria-invalid=\"false\" placeholder=\"+0049 ...\" value=\"\" type=\"text\" name=\"your-phone\" \/><\/span>\n<\/div>\n\n<span id=\"wpcf7-69f6a87d8628d-wrapper\" class=\"wpcf7-form-control-wrap your-fax-wrap\" style=\"text-indent: 100%; white-space: nowrap; overflow: hidden; position: absolute; clip: rect(1px, 1px, 1px, 1px); clip-path: inset(50%); z-index: -1;\"><input type=\"hidden\" name=\"your-fax-time-start\" value=\"1777772669\"><input type=\"hidden\" name=\"your-fax-time-check\" value=\"4\"><label for=\"wpcf7-69f6a87d8628d-field\" class=\"hp-message\">Bitte lassen Sie dieses Feld leer.<\/label><input id=\"wpcf7-69f6a87d8628d-field\"  class=\"wpcf7-form-control wpcf7-text\" type=\"text\" name=\"your-fax\" value=\"\" size=\"40\" tabindex=\"-1\" autocomplete=\"new-password\" \/><\/span>\n\n<div class=\"form-item required\">\n    <label for=\"your-plan\">What are you planning?<\/label>\n    <span class=\"wpcf7-form-control-wrap\" data-name=\"your-plan\"><textarea cols=\"40\" rows=\"1\" maxlength=\"1500\" class=\"wpcf7-form-control wpcf7-textarea wpcf7-validates-as-required\" id=\"your-plan\" aria-required=\"true\" aria-invalid=\"false\" placeholder=\"Please tell us briefly the key information (e.g. number of participants, date, place) for the event(s) that you are currently or generally planning (max. 1500 characters)\" name=\"your-plan\"><\/textarea><\/span>\n<\/div>\n\n<p class=\"has-tiny-font-size has-text-align-right\">*Mandatory Fields<\/p>\n\n<button class=\"wp-element-button\">Request registration<\/button><div class=\"wpcf7-response-output\" aria-hidden=\"true\"><\/div>\n<\/form>\n<\/div>\n<\/div>\n<\/div>\n<\/div>\n\n\n\n<div class=\"wp-block-group form-success is-layout-constrained wp-block-group-is-layout-constrained\">\n<h2 class=\"wp-block-heading has-text-align-center\">Thank you for your interest<\/h2>\n\n\n\n<p class=\"has-text-align-center has-h-3-font-size\">Gain access to the best conference hotels for your events \u2014 at top rates, with quick availability checks, tailored offers and personal advice.<\/p>\n\n\n\n<div class=\"wp-block-buttons is-content-justification-center is-layout-flex wp-container-core-buttons-is-layout-16018d1d wp-block-buttons-is-layout-flex\">\n<div class=\"wp-block-button\"><a class=\"wp-block-button__link wp-element-button\" href=\"\/en\">Back to the home page<\/a><\/div>\n<\/div>\n<\/div>\n","protected":false},"excerpt":{"rendered":"<p>Register now for free Gain access to the best conference hotels for your events \u2013 with the best conditions, quick availability checks, matching offers and personal advice. Thank you for your interest Gain access to the best conference hotels for your events \u2014 at top rates, with quick availability checks, tailored offers and personal advice.<\/p>\n","protected":false},"author":1,"featured_media":0,"parent":849,"menu_order":0,"comment_status":"closed","ping_status":"closed","template":"","meta":{"_locale":"en_US","_original_post":"https:\/\/www.fave.de\/?page_id=221","_thumbnails":[],"footnotes":"","_hide_thumbnail":false},"class_list":["post-870","page","type-page","status-publish","hentry","en-US","teaser-view"],"aioseo_notices":[],"_links":{"self":[{"href":"https:\/\/www.fave.de\/wp-json\/wp\/v2\/pages\/870","targetHints":{"allow":["GET"]}}],"collection":[{"href":"https:\/\/www.fave.de\/wp-json\/wp\/v2\/pages"}],"about":[{"href":"https:\/\/www.fave.de\/wp-json\/wp\/v2\/types\/page"}],"author":[{"embeddable":true,"href":"https:\/\/www.fave.de\/wp-json\/wp\/v2\/users\/1"}],"replies":[{"embeddable":true,"href":"https:\/\/www.fave.de\/wp-json\/wp\/v2\/comments?post=870"}],"version-history":[{"count":3,"href":"https:\/\/www.fave.de\/wp-json\/wp\/v2\/pages\/870\/revisions"}],"predecessor-version":[{"id":878,"href":"https:\/\/www.fave.de\/wp-json\/wp\/v2\/pages\/870\/revisions\/878"}],"up":[{"embeddable":true,"href":"https:\/\/www.fave.de\/wp-json\/wp\/v2\/pages\/849"}],"wp:attachment":[{"href":"https:\/\/www.fave.de\/wp-json\/wp\/v2\/media?parent=870"}],"curies":[{"name":"wp","href":"https:\/\/api.w.org\/{rel}","templated":true}]}}