{"id":875,"date":"2026-04-26T12:35:57","date_gmt":"2026-04-26T10:35:57","guid":{"rendered":"https:\/\/www.fave.de\/?page_id=875"},"modified":"2026-04-26T12:38:01","modified_gmt":"2026-04-26T10:38:01","slug":"registration","status":"publish","type":"page","link":"https:\/\/www.fave.de\/en\/for-hotels\/registration\/","title":{"rendered":"Registration"},"content":{"rendered":"\n<div class=\"wp-block-columns alignfull cta is-layout-flex wp-container-core-columns-is-layout-9d6595d7 wp-block-columns-is-layout-flex\">\n<div class=\"wp-block-column wp-block-column__content has-green-background-color has-background is-layout-flow wp-block-column-is-layout-flow\"><div class=\"aioseo-breadcrumbs\"><span class=\"aioseo-breadcrumb\">\n\t\t\t<a href=\"https:\/\/www.fave.de\" title=\"Startseite\">Startseite<\/a>\n\t\t<\/span><span class=\"aioseo-breadcrumb-separator\">\u203a<\/span><span class=\"aioseo-breadcrumb\">\n\t\t\t<a href=\"https:\/\/www.fave.de\/en\/for-hotels\/\" title=\"For Hotels\">For Hotels<\/a>\n\t\t<\/span><span class=\"aioseo-breadcrumb-separator\">\u203a<\/span><span class=\"aioseo-breadcrumb\">\n\t\t\tRegistration\n\t\t<\/span><\/div>\n\n\n\n<h1 class=\"wp-block-heading\">Register now <br>and receive<br>bookings<\/h1>\n<\/div>\n\n\n\n<div class=\"wp-block-column wp-block-column__media is-layout-flow wp-block-column-is-layout-flow\">\n<figure class=\"wp-block-image size-large hide-mobile\"><img loading=\"lazy\" decoding=\"async\" width=\"1280\" height=\"1082\" src=\"https:\/\/www.fave.de\/wp-content\/uploads\/2026\/01\/FAVE_01_Registrierung-Hotel-1280x1082.webp\" alt=\"Das Bild zeigt drei Business-Professionals in formeller Kleidung, die gemeinsam auf ein Tablet schauen. In der Mitte steht eine l\u00e4chelnde Frau in einem beigefarbenen Hosenanzug mit wei\u00dfer Bluse, die das Tablet h\u00e4lt. Links neben ihr steht eine Kollegin in cremefarbener Bluse mit gestreifter Hose, die ein Clipboard in der Hand h\u00e4lt und eine Armbanduhr tr\u00e4gt. Rechts steht ein Mann mit Bart und dunklen lockigen Haaren in einem dunkelblauen Anzug mit hellblauem gestreiftem Hemd. Alle drei wirken konzentriert und interessiert an den Inhalten auf dem Bildschirm.\" class=\"wp-image-234\"\/><\/figure>\n\n\n\n<figure class=\"wp-block-image size-full hide-tablet hide-desktop\"><img loading=\"lazy\" decoding=\"async\" width=\"640\" height=\"548\" src=\"https:\/\/www.fave.de\/wp-content\/uploads\/2026\/02\/FAVE_01_Registrierung-Hotel_mobil.webp\" alt=\"Das Bild zeigt drei Business-Professionals in formeller Kleidung, die gemeinsam auf ein Tablet schauen. In der Mitte steht eine l\u00e4chelnde Frau in einem beigefarbenen Hosenanzug mit wei\u00dfer Bluse, die das Tablet h\u00e4lt. Links neben ihr steht eine Kollegin in cremefarbener Bluse mit gestreifter Hose, die ein Clipboard in der Hand h\u00e4lt und eine Armbanduhr tr\u00e4gt. Rechts steht ein Mann mit Bart und dunklen lockigen Haaren in einem dunkelblauen Anzug mit hellblauem gestreiftem Hemd. Alle drei wirken konzentriert und interessiert an den Inhalten auf dem Bildschirm.\" class=\"wp-image-697\"\/><\/figure>\n<\/div>\n<\/div>\n\n\n\n<div class=\"wp-block-group alignfull is-layout-constrained wp-block-group-is-layout-constrained\">\n<div class=\"wp-block-group width-md is-layout-constrained wp-block-group-is-layout-constrained\">\n<p class=\"has-text-align-center has-h-3-font-size\">Become a part of the FAVE network.<br>Register now for free, create your profile and receive bookings.<\/p>\n<\/div>\n\n\n\n<div class=\"wp-block-group is-layout-constrained wp-block-group-is-layout-constrained\">\n<div class=\"wp-block-contact-form-7-contact-form-selector\">\n<div class=\"wpcf7 no-js\" id=\"wpcf7-f873-o1\" lang=\"de-DE\" dir=\"ltr\" data-wpcf7-id=\"873\">\n<div class=\"screen-reader-response\"><p role=\"status\" aria-live=\"polite\" aria-atomic=\"true\"><\/p> <ul><\/ul><\/div>\n<form action=\"\/en\/wp-json\/wp\/v2\/pages\/875#wpcf7-f873-o1\" method=\"post\" class=\"wpcf7-form init wpcf7-acceptance-as-validation\" aria-label=\"Kontaktformular\" novalidate=\"novalidate\" data-status=\"init\">\n<fieldset class=\"hidden-fields-container\"><input type=\"hidden\" name=\"_wpcf7\" value=\"873\" \/><input type=\"hidden\" name=\"_wpcf7_version\" value=\"6.1.5\" \/><input type=\"hidden\" name=\"_wpcf7_locale\" value=\"de_DE_formal\" \/><input type=\"hidden\" name=\"_wpcf7_unit_tag\" value=\"wpcf7-f873-o1\" \/><input type=\"hidden\" name=\"_wpcf7_container_post\" value=\"0\" \/><input type=\"hidden\" name=\"_wpcf7_posted_data_hash\" value=\"\" \/>\n<\/fieldset>\n<div class=\"form-item required\">\n    <label for=\"your-salutation\">Title<\/label>\n    <span class=\"wpcf7-form-control-wrap\" data-name=\"your-salutation\"><select class=\"wpcf7-form-control wpcf7-select wpcf7-validates-as-required\" id=\"your-salutation\" autocomplete=\"honorific-prefix\" aria-required=\"true\" aria-invalid=\"false\" name=\"your-salutation\"><option value=\"\">Title<\/option><option value=\"Mr\">Mr<\/option><option value=\"Ms\">Ms<\/option><option value=\"Mx\">Mx<\/option><option value=\"Prefer not to say\">Prefer not to say<\/option><\/select><\/span>\n<\/div>\n\n<div class=\"wp-block-columns\">\n    <div class=\"wp-block-column form-item required\">\n        <label for=\"your-firstname\">First Name<\/label>\n        <span class=\"wpcf7-form-control-wrap\" data-name=\"your-firstname\"><input size=\"40\" maxlength=\"400\" class=\"wpcf7-form-control wpcf7-text wpcf7-validates-as-required\" id=\"your-firstname\" autocomplete=\"given-name\" aria-required=\"true\" aria-invalid=\"false\" placeholder=\"First Name\" value=\"\" type=\"text\" name=\"your-firstname\" \/><\/span>\n    <\/div>\n    <div class=\"wp-block-column form-item required\">\n        <label for=\"your-lastname\">Surname<\/label>\n        <span class=\"wpcf7-form-control-wrap\" data-name=\"your-lastname\"><input size=\"40\" maxlength=\"400\" class=\"wpcf7-form-control wpcf7-text wpcf7-validates-as-required\" id=\"your-lastname\" autocomplete=\"family-name\" aria-required=\"true\" aria-invalid=\"false\" placeholder=\"Surname\" value=\"\" type=\"text\" name=\"your-lastname\" \/><\/span>\n    <\/div>\n<\/div>\n\n<div class=\"form-item required\">\n    <label for=\"your-hotel\">Hotel Name<\/label>\n    <span class=\"wpcf7-form-control-wrap\" data-name=\"your-hotel\"><input size=\"40\" maxlength=\"400\" class=\"wpcf7-form-control wpcf7-text wpcf7-validates-as-required\" id=\"your-hotel\" aria-required=\"true\" aria-invalid=\"false\" placeholder=\"Hotel Name\" value=\"\" type=\"text\" name=\"your-hotel\" \/><\/span>\n<\/div>\n\n<div class=\"form-item\">\n    <label for=\"your-city\">City<\/label>\n    <span class=\"wpcf7-form-control-wrap\" data-name=\"your-city\"><input size=\"40\" maxlength=\"400\" class=\"wpcf7-form-control wpcf7-text\" id=\"your-city\" aria-invalid=\"false\" placeholder=\"City\" value=\"\" type=\"text\" name=\"your-city\" \/><\/span>\n<\/div>\n\n<div class=\"form-item\">\n    <label for=\"your-country\">Country<\/label>\n    <span class=\"wpcf7-form-control-wrap\" data-name=\"your-country\"><input size=\"40\" maxlength=\"400\" class=\"wpcf7-form-control wpcf7-text\" id=\"your-country\" autocomplete=\"country-name\" aria-invalid=\"false\" placeholder=\"Country\" value=\"\" type=\"text\" name=\"your-country\" \/><\/span>\n<\/div>\n\n<div class=\"form-item required\">\n    <label for=\"your-mail\">Email<\/label>\n    <span class=\"wpcf7-form-control-wrap\" data-name=\"your-mail\"><input size=\"40\" maxlength=\"400\" class=\"wpcf7-form-control wpcf7-email wpcf7-validates-as-required wpcf7-text wpcf7-validates-as-email\" id=\"your-mail\" autocomplete=\"email\" aria-required=\"true\" aria-invalid=\"false\" placeholder=\"Email\" value=\"\" type=\"email\" name=\"your-mail\" \/><\/span>\n<\/div>\n\n<div class=\"form-item\">\n    <label for=\"your-phone\">Phone Number<\/label>\n    <span class=\"wpcf7-form-control-wrap\" data-name=\"your-phone\"><input size=\"40\" maxlength=\"400\" class=\"wpcf7-form-control wpcf7-text\" id=\"your-phone\" autocomplete=\"tel\" aria-invalid=\"false\" placeholder=\"+0049 ...\" value=\"\" type=\"text\" name=\"your-phone\" \/><\/span>\n<\/div>\n\n<span id=\"wpcf7-69f6b760028a8-wrapper\" class=\"wpcf7-form-control-wrap your-fax-wrap\" style=\"text-indent: 100%; white-space: nowrap; overflow: hidden; position: absolute; clip: rect(1px, 1px, 1px, 1px); clip-path: inset(50%); z-index: -1;\"><input type=\"hidden\" name=\"your-fax-time-start\" value=\"1777776480\"><input type=\"hidden\" name=\"your-fax-time-check\" value=\"4\"><label for=\"wpcf7-69f6b760028a8-field\" class=\"hp-message\">Bitte lassen Sie dieses Feld leer.<\/label><input id=\"wpcf7-69f6b760028a8-field\"  class=\"wpcf7-form-control wpcf7-text\" type=\"text\" name=\"your-fax\" value=\"\" size=\"40\" tabindex=\"-1\" autocomplete=\"new-password\" \/><\/span>\n\n<p class=\"has-tiny-font-size has-text-align-right\">*Mandatory fields<\/p>\n\n<button class=\"wp-element-button has-green-background-color\">Request registration<\/button><div class=\"wpcf7-response-output\" aria-hidden=\"true\"><\/div>\n<\/form>\n<\/div>\n<\/div>\n\n\n\n<ul class=\"wp-block-list checkmark\">\n<li>Free-of-charge profile within the FAVE network<\/li>\n\n\n\n<li>Only relevant enquiries of companies &amp; associations<\/li>\n\n\n\n<li>Personal support for further questions<\/li>\n\n\n\n<li>No fixed costs<\/li>\n<\/ul>\n<\/div>\n<\/div>\n\n\n\n<div class=\"wp-block-group form-success is-layout-constrained wp-block-group-is-layout-constrained\">\n<h2 class=\"wp-block-heading has-text-align-center\">Thank you for your interest<\/h2>\n\n\n\n<p class=\"has-text-align-center has-h-3-font-size\">Gain access to the best conference hotels for your events \u2014 at top rates, with quick availability checks, tailored offers and personal advice.<\/p>\n\n\n\n<div class=\"wp-block-buttons is-content-justification-center is-layout-flex wp-container-core-buttons-is-layout-16018d1d wp-block-buttons-is-layout-flex\">\n<div class=\"wp-block-button\"><a class=\"wp-block-button__link has-green-background-color has-background wp-element-button\" href=\"\/en\">Back to the home page<\/a><\/div>\n<\/div>\n<\/div>\n\n\n\n<div class=\"wp-block-columns cta is-layout-flex wp-container-core-columns-is-layout-9d6595d7 wp-block-columns-is-layout-flex\">\n<div class=\"wp-block-column wp-block-column__media is-layout-flow wp-block-column-is-layout-flow\">\n<figure class=\"wp-block-image size-full\"><img loading=\"lazy\" decoding=\"async\" width=\"672\" height=\"572\" src=\"https:\/\/www.fave.de\/wp-content\/uploads\/2026\/02\/FAVE_Contact_Markus-1-1.webp\" alt=\"Markus Hauken - Professionelles Portr\u00e4t eines l\u00e4chelnden Mannes in dunklem Sakko und wei\u00dfem Hemd vor neutralem Hintergrund.\" class=\"wp-image-705\"\/><figcaption class=\"wp-element-caption\">Markus Hauken<\/figcaption><\/figure>\n<\/div>\n\n\n\n<div class=\"wp-block-column wp-block-column__content has-green-background-color has-background is-layout-flow wp-block-column-is-layout-flow\">\n<h2 class=\"wp-block-heading\">Any questions?<\/h2>\n\n\n\n<p>Do you have any questions about collaborating with FAVE? We are happy to schedule a personal conversation \u2013 by phone or email.<\/p>\n\n\n\n<div class=\"wp-block-buttons is-layout-flex wp-block-buttons-is-layout-flex\">\n<div class=\"wp-block-button\"><a class=\"wp-block-button__link has-white-background-color has-background wp-element-button\" href=\"https:\/\/outlook.office.com\/bookwithme\/user\/31372459cac74a20ad56ca5860931ba9@hospired.net?anonymous&amp;ismsaljsauthenabled&amp;ep=plink\" target=\"_blank\" rel=\"noreferrer noopener\">BOOK AN APPOINTMENT<\/a><\/div>\n<\/div>\n<\/div>\n<\/div>\n","protected":false},"excerpt":{"rendered":"<p>Register now and receivebookings Become a part of the FAVE network.Register now for free, create your profile and receive bookings. Thank you for your interest Gain access to the best conference hotels for your events \u2014 at top rates, with quick availability checks, tailored offers and personal advice. Any questions? Do you have any questions [&hellip;]<\/p>\n","protected":false},"author":1,"featured_media":0,"parent":857,"menu_order":0,"comment_status":"closed","ping_status":"closed","template":"","meta":{"_locale":"en_US","_original_post":"https:\/\/www.fave.de\/?page_id=232","_thumbnails":[],"footnotes":"","_hide_thumbnail":false},"class_list":["post-875","page","type-page","status-publish","hentry","en-US","teaser-view"],"aioseo_notices":[],"_links":{"self":[{"href":"https:\/\/www.fave.de\/wp-json\/wp\/v2\/pages\/875","targetHints":{"allow":["GET"]}}],"collection":[{"href":"https:\/\/www.fave.de\/wp-json\/wp\/v2\/pages"}],"about":[{"href":"https:\/\/www.fave.de\/wp-json\/wp\/v2\/types\/page"}],"author":[{"embeddable":true,"href":"https:\/\/www.fave.de\/wp-json\/wp\/v2\/users\/1"}],"replies":[{"embeddable":true,"href":"https:\/\/www.fave.de\/wp-json\/wp\/v2\/comments?post=875"}],"version-history":[{"count":2,"href":"https:\/\/www.fave.de\/wp-json\/wp\/v2\/pages\/875\/revisions"}],"predecessor-version":[{"id":877,"href":"https:\/\/www.fave.de\/wp-json\/wp\/v2\/pages\/875\/revisions\/877"}],"up":[{"embeddable":true,"href":"https:\/\/www.fave.de\/wp-json\/wp\/v2\/pages\/857"}],"wp:attachment":[{"href":"https:\/\/www.fave.de\/wp-json\/wp\/v2\/media?parent=875"}],"curies":[{"name":"wp","href":"https:\/\/api.w.org\/{rel}","templated":true}]}}